{"id":9864,"date":"2020-04-20T22:44:49","date_gmt":"2020-04-20T20:44:49","guid":{"rendered":"https:\/\/quantum.com.pl\/product\/import-placeholder-for-8390\/"},"modified":"2020-12-09T16:34:47","modified_gmt":"2020-12-09T15:34:47","slug":"xtreme-gbe-24-port-managed-carrier-ethernet-switch","status":"publish","type":"product","link":"https:\/\/quantum.com.pl\/pl\/product\/xtreme-gbe-24-port-managed-carrier-ethernet-switch\/","title":{"rendered":"Xtreme\/GbE 24-Port Managed Carrier Ethernet Switch"},"content":{"rendered":"<h3>Najwa\u017cniejsze cechy<\/h3>\n<ul>\n<li>24 portowy prze\u0142\u0105cznik 10\/100\/1000 Mbps<\/li>\n<li>Wszystkie 24 porty magnetyczne zintegrowane na pok\u0142adzie<\/li>\n<li>1x 1G SGMII, 1x 2,5G SGMII dla SFP Uplink<\/li>\n<li>Odporny na uszkodzenia port o du\u017cej g\u0119sto\u015bci z p\u0142yty na p\u0142ytk\u0119 \/ p\u0142yt\u0119 na kabel<\/li>\n<li>Niezwykle ma\u0142y rozmiar: 90 \u00d7 96 mm (3,550 \u00d7 3,775 cala)<\/li>\n<li>Opcje radiatora ch\u0142odzonego p\u0142yt\u0105 grzewcz\u0105 lub radiatora ch\u0142odzonego powietrzem<\/li>\n<li>Rozszerzony zakres temperatur od -40 \u00b0 C do + 85 \u00b0 C<\/li>\n<\/ul>\n<p>&nbsp;<\/p>\n<h3>Wi\u0119cej Informacji<\/h3>\n<p>24-portowy prze\u0142\u0105cznik Ethernet Carrier Xtreme \/ GbE zarz\u0105dzany przez Connect Tech zapewnia wysok\u0105 g\u0119sto\u015b\u0107, wysok\u0105 liczb\u0119 port\u00f3w i mo\u017cliwo\u015bci prze\u0142\u0105czania Ethernet klasy operatorskiej w niezwykle ma\u0142ej obudowie. Doskona\u0142y dla ka\u017cdej aplikacji o krytycznym znaczeniu dla przestrzeni, wymagaj\u0105cej wbudowanego prze\u0142\u0105cznika Carrier o du\u017cej g\u0119sto\u015bci \/ du\u017cej liczbie port\u00f3w.<\/p>\n<p>24-portowy prze\u0142\u0105cznik Ethernet zarz\u0105dzanego no\u015bnika Xtreme \/ GbE implementuje wbudowane w\u0142a\u015bciwo\u015bci magnetyczne dla wszystkich 24 port\u00f3w Gigabit Ethernet, wi\u0119c nie wymaga si\u0119 \u017cadnych zewn\u0119trznych element\u00f3w magnetycznych dla aplikacji ko\u0144cowych. Xtreme \/ GbE 24-Port zawiera r\u00f3wnie\u017c \u0142\u0105cza wysy\u0142aj\u0105ce 1G SGMII i 2,5 SGMII. Zosta\u0142 zaprojektowany od podstaw, aby u\u0142atwi\u0107 integracj\u0119 obudowy \/ obudowy poprzez ograniczenie ilo\u015bci okablowania wymaganego do zako\u0144czenia portu z mo\u017cliwo\u015bci\u0105 ca\u0142kowitego usuni\u0119cia ca\u0142ego okablowania.<\/p>\n<p>Prze\u0142\u0105cznik Ethernet zarz\u0105dzanego no\u015bnika Xtreme \/ GbE z 24 portami wykorzystuje wyspecjalizowan\u0105 konfiguracj\u0119 typu Board-to-Board \/ Board-Cable o du\u017cej g\u0119sto\u015bci do rozbijania port\u00f3w. Porty mo\u017cna wy\u0142ama\u0107 za pomoc\u0105 p\u0142ytki \/ no\u015bnika, kt\u00f3ry mo\u017ce wsp\u00f3\u0142pracowa\u0107 bezpo\u015brednio z XDG032 \/ 33 lub przez po\u0142\u0105czenie z szybkim kablem Twinax o du\u017cej g\u0119sto\u015bci.<\/p>\n<p>XDG033 jest przeznaczony do samodzielnych aplikacji, z ca\u0142\u0105 termiczn\u0105 ekstrakcj\u0105 na jednej warstwie i z\u0142\u0105czem \/ okablowaniem na przeciwnej warstwie, gdzie jako XDG032 jest przeznaczony do jednostronnego zastosowania.<\/p>\n<p>&nbsp;<\/p>\n<h3>Dane Techniczne<\/h3>\n\n<table id=\"tablepress-443\" class=\"tablepress tablepress-id-443\">\n<tbody class=\"row-striping row-hover\">\n<tr class=\"row-1\">\n\t<td class=\"column-1\">Ethernet Switch Engine<\/td><td class=\"column-2\">Vitesse VSC7429 Carrier Grade Ethernet Switch Chipset<\/td>\n<\/tr>\n<tr class=\"row-2\">\n\t<td class=\"column-1\">Ethernet PHYs<\/td><td class=\"column-2\">12 x Cu PHY Ports from Vitesse VSC7429 Switch Engine, 12 x Cu PHY Ports from Vitesse VSC8512 External PHY<\/td>\n<\/tr>\n<tr class=\"row-3\">\n\t<td class=\"column-1\">Memory<\/td><td class=\"column-2\">1Gb DDR2 SDRAM, 128Mb Serial NOR Flash<\/td>\n<\/tr>\n<tr class=\"row-4\">\n\t<td class=\"column-1\">Ports<\/td><td class=\"column-2\">1x 1G SGMII (for SFP Uplink), 1x 2.5G SGMII (for SFP Uplink), 24 x 1000BASE-T<\/td>\n<\/tr>\n<tr class=\"row-5\">\n\t<td class=\"column-1\">Default Port Configuration<\/td><td class=\"column-2\">24 x Gigabit Ethernet<br \/>\n1 x SFP 1 Gigabit<br \/>\n1 x SFP+ 2.5 Gigabit<\/td>\n<\/tr>\n<tr class=\"row-6\">\n\t<td class=\"column-1\">Magnetics<\/td><td class=\"column-2\">On-board Gigabit Magnetics for all 24 Ports (No external magnetics required) (10\/100\/1000 Mbps) application<\/td>\n<\/tr>\n<tr class=\"row-7\">\n\t<td class=\"column-1\">Connectors<\/td><td class=\"column-2\">4 x High-Density Board-to-Board \/ Board-to-Cable Connectors, Connectors can be mated directly to breakout boards, or via cabling, Each High-Density Connector Contains 8 Gigabit Ports<\/td>\n<\/tr>\n<tr class=\"row-8\">\n\t<td class=\"column-1\">Layer 2 Switching<\/td><td class=\"column-2\">802.1Q VLAN switch with 8K MACs and 4K VLANs, Hardware and software-based learning, Independent and shared VLAN learning (IVL, SVL), IPv4\/IPv6 multicast, Jumbo frame support, Link aggregation (IEEE 802.3ad), Policing with storm control and MC\/BC protection, Push\/pop up to two VLAN tags, RSTP and MSTP support<\/td>\n<\/tr>\n<tr class=\"row-9\">\n\t<td class=\"column-1\">Management Access<\/td><td class=\"column-2\">RS-232 Serial Interface (CLI), SNMP, Software API, Web Interface<\/td>\n<\/tr>\n<tr class=\"row-10\">\n\t<td class=\"column-1\">Breakout Board Options<\/td><td class=\"column-2\">4-Port SFP Cabling Option to Right Angle SFP Cage, 8-Port Bank Cabling Options to: Panel Mount Vertical RJ-45s, Right Angle RJ-45s and MIL Circular Connector, Direct Board-to-Board (No Cabling): 24-Port Vertical RJ-45s, Full Custom (Simple 2-layer no magnetics designs)<\/td>\n<\/tr>\n<tr class=\"row-11\">\n\t<td class=\"column-1\">Standalone Operation<\/td><td class=\"column-2\">Switch can be used as a standalone unit OR can be paired with an embedded SBC<\/td>\n<\/tr>\n<tr class=\"row-12\">\n\t<td class=\"column-1\">Power Requirements<\/td><td class=\"column-2\">+4V to 14V Input Range (External Connector)<\/td>\n<\/tr>\n<tr class=\"row-13\">\n\t<td class=\"column-1\">Power Consumption<\/td><td class=\"column-2\">Idle: 0.7A, 8.4W, Max: 1.15A, 14W (with +12V input), Typical: 0.85A, 10W<\/td>\n<\/tr>\n<tr class=\"row-14\">\n\t<td class=\"column-1\">Dimensions<\/td><td class=\"column-2\">PC\/104 compliant: 3.775\u2033 x 3.550\u2033, Tallest Top Side Component: Heatsink 0.375\u201d (9.5mm)<\/td>\n<\/tr>\n<tr class=\"row-15\">\n\t<td class=\"column-1\">Operating Temperature<\/td><td class=\"column-2\">-40\u00b0C to +85\u00b0C (-40\u00b0F to +185\u00b0F), (chipset rated to +125\u00b0C thermals)<\/td>\n<\/tr>\n<\/tbody>\n<\/table>\n<!-- #tablepress-443 from cache -->\n","protected":false},"excerpt":{"rendered":"<p>Connect Tech oferuje r\u00f3\u017cnorodne wbudowane switch&#8217;e Ethernet i karty sieciowe Gigabit, w tym rozwi\u0105zania 12, 24 i 36-portowe, skrzynki prze\u0142\u0105cznik\u00f3w, p\u0142ytki, systemy wbudowane, prze\u0142\u0105cznik \/ router 10G oraz kontroler Ethernet 10G. Te rozwi\u0105zania Ethernet klasy operatorskiej o wysokiej g\u0119sto\u015bci i du\u017cej liczbie port\u00f3w s\u0105 idealne do szerokiej gamy zastosowa\u0144 wojskowych, przemys\u0142owych i komercyjnych.<\/p>\n","protected":false},"featured_media":10125,"template":"","meta":{"_acf_changed":false,"inline_featured_image":false,"_monsterinsights_skip_tracking":false,"_monsterinsights_sitenote_active":false,"_monsterinsights_sitenote_note":"","_monsterinsights_sitenote_category":0},"product_brand":[],"product_cat":[1472,1482,1484,1587],"product_tag":[],"class_list":{"0":"post-9864","1":"product","2":"type-product","3":"status-publish","4":"has-post-thumbnail","6":"product_cat-connect-tech-inc","7":"product_cat-10-gbe-1-gbe-embedded-ethernet-switches-nics","8":"product_cat-gbe","9":"product_cat-produkty-sieciowe","11":"first","12":"instock","13":"shipping-taxable","14":"product-type-simple"},"acf":[],"_links":{"self":[{"href":"https:\/\/quantum.com.pl\/pl\/wp-json\/wp\/v2\/product\/9864","targetHints":{"allow":["GET"]}}],"collection":[{"href":"https:\/\/quantum.com.pl\/pl\/wp-json\/wp\/v2\/product"}],"about":[{"href":"https:\/\/quantum.com.pl\/pl\/wp-json\/wp\/v2\/types\/product"}],"wp:featuredmedia":[{"embeddable":true,"href":"https:\/\/quantum.com.pl\/pl\/wp-json\/wp\/v2\/media\/10125"}],"wp:attachment":[{"href":"https:\/\/quantum.com.pl\/pl\/wp-json\/wp\/v2\/media?parent=9864"}],"wp:term":[{"taxonomy":"product_brand","embeddable":true,"href":"https:\/\/quantum.com.pl\/pl\/wp-json\/wp\/v2\/product_brand?post=9864"},{"taxonomy":"product_cat","embeddable":true,"href":"https:\/\/quantum.com.pl\/pl\/wp-json\/wp\/v2\/product_cat?post=9864"},{"taxonomy":"product_tag","embeddable":true,"href":"https:\/\/quantum.com.pl\/pl\/wp-json\/wp\/v2\/product_tag?post=9864"}],"curies":[{"name":"wp","href":"https:\/\/api.w.org\/{rel}","templated":true}]}}