{"id":9866,"date":"2020-04-20T22:44:49","date_gmt":"2020-04-20T20:44:49","guid":{"rendered":"https:\/\/quantum.com.pl\/product\/import-placeholder-for-8404\/"},"modified":"2020-12-09T16:50:40","modified_gmt":"2020-12-09T15:50:40","slug":"xtreme-gbe-managed-carrier-ethernet-switch","status":"publish","type":"product","link":"https:\/\/quantum.com.pl\/pl\/product\/xtreme-gbe-managed-carrier-ethernet-switch\/","title":{"rendered":"Xtreme\/GbE Managed Carrier Ethernet Switch"},"content":{"rendered":"<h3>Najwa\u017cniejsze Cechy<\/h3>\n<ul>\n<li>Opcja p\u0142yty grzewczej lub radiatora ch\u0142odzonego powietrzem<\/li>\n<li>8 lub 12 port\u00f3w 10\/100\/1000 Mbps Switch<\/li>\n<li>Web GUI lub zarz\u0105dzanie CLI<\/li>\n<li>Prze\u0142\u0105czanie Ethernet klasy operatorskiej<\/li>\n<li>Dost\u0119pne ze z\u0142\u0105czami RJ-45 lub Rugged Locking<\/li>\n<li>Zgodny z PC \/ 104: 4.550 4. x 4.393 \u2033 lub mniejszy<\/li>\n<li>Rozszerzony zakres temperatur od -40 \u00b0 C do + 85 \u00b0 C<\/li>\n<\/ul>\n<p>&nbsp;<\/p>\n<h3>Wi\u0119cej Informacji<\/h3>\n<p>Prze\u0142\u0105cznik Ethernet zarz\u0105dzanego przez Connect Tech Xtreme \/ GbE Carrier zapewnia mo\u017cliwo\u015bci prze\u0142\u0105czania Ethernet klasy operatorskiej w niezwykle ma\u0142ej obudowie.<\/p>\n<p>Prze\u0142\u0105cznik Ethernet zarz\u0105dzany przez operatora Xtreme \/ GbE zarz\u0105dzany przez Ethernet, doskonale sprawdza si\u0119 w zastosowaniach wysokiej klasy, takich jak mobilny i mikrofalowy backhaul, jest r\u00f3wnie\u017c niezawodnym sposobem komunikacji z urz\u0105dzeniami 10\/100\/1000 w systemie wbudowanym. Nap\u0119dzany najnowsz\u0105 generacj\u0105 silnika Carrier Ethernet Switch Vitesse 7428\/7429. Wbudowany 32-bitowy procesor MIPS 416 MHz, pami\u0119\u0107 zewn\u0119trzna DDR2 1 Gb oraz ekstrakcja i wstawianie ramek oparte na DMA obs\u0142uguj\u0105 taktowanie nad pakietem, Ethernet OAM i monitorowanie wydajno\u015bci.<\/p>\n<p>Dost\u0119pny w modelach z RJ-45 lub Rugged Positive Locking Headers, co czyni ten wbudowany prze\u0142\u0105cznik Ethernet idealnym dla ka\u017cdego rodzaju \u015brodowiska.<\/p>\n<p>&nbsp;<\/p>\n<h3>Dane Techniczne<\/h3>\n\n<table id=\"tablepress-445\" class=\"tablepress tablepress-id-445\">\n<tbody class=\"row-striping row-hover\">\n<tr class=\"row-1\">\n\t<td class=\"column-1\">Memory<\/td><td class=\"column-2\">128Mb Flash, 1GB RAM<\/td>\n<\/tr>\n<tr class=\"row-2\">\n\t<td class=\"column-1\">Ethernet<\/td><td class=\"column-2\">8x Gigabit ethernet (10\/100\/1000 Mbps)<\/td>\n<\/tr>\n<tr class=\"row-3\">\n\t<td class=\"column-1\">Layer 2 Switching<\/td><td class=\"column-2\">802.1Q VLAN switch with 8K MACs and 4K VLANs, Hardware and software-based learning, Independent and shared VLAN learning (IVL, SVL), IPv4\/IPv6 multicast, Jumbo frame support, Link aggregation (IEEE 802.3ad), Policing with storm control and MC\/BC protection, Push\/pop up to two VLAN tags, RSTP and MSTP support<\/td>\n<\/tr>\n<tr class=\"row-4\">\n\t<td class=\"column-1\">Management Access<\/td><td class=\"column-2\">PCIe\/104 Bus, RS-232 Serial Interface (CLI), Software API, Web Interface<\/td>\n<\/tr>\n<tr class=\"row-5\">\n\t<td class=\"column-1\">LEDs<\/td><td class=\"column-2\">Power Rail LEDs, Status LEDs<\/td>\n<\/tr>\n<tr class=\"row-6\">\n\t<td class=\"column-1\">Power Requirements<\/td><td class=\"column-2\">+9V to +36V<\/td>\n<\/tr>\n<tr class=\"row-7\">\n\t<td class=\"column-1\">Power Consumption<\/td><td class=\"column-2\">0.35A, 4.2W<\/td>\n<\/tr>\n<tr class=\"row-8\">\n\t<td class=\"column-1\">Bus<\/td><td class=\"column-2\">No bus connector populated<\/td>\n<\/tr>\n<tr class=\"row-9\">\n\t<td class=\"column-1\">Dimensions<\/td><td class=\"column-2\">Fully PCI\/104 compliant<\/td>\n<\/tr>\n<tr class=\"row-10\">\n\t<td class=\"column-1\">Operating Temperature<\/td><td class=\"column-2\">-40\u00b0C to +85\u00b0C (-40\u00b0F to +185\u00b0F)<\/td>\n<\/tr>\n<\/tbody>\n<\/table>\n<!-- #tablepress-445 from cache -->\n","protected":false},"excerpt":{"rendered":"<p>Connect Tech oferuje r\u00f3\u017cnorodne wbudowane switch&#8217;e Ethernet i karty sieciowe Gigabit, w tym rozwi\u0105zania 12, 24 i 36-portowe, skrzynki prze\u0142\u0105cznik\u00f3w, p\u0142ytki, systemy wbudowane, prze\u0142\u0105cznik \/ router 10G oraz kontroler Ethernet 10G. Te rozwi\u0105zania Ethernet klasy operatorskiej o wysokiej g\u0119sto\u015bci i du\u017cej liczbie port\u00f3w s\u0105 idealne do szerokiej gamy zastosowa\u0144 wojskowych, przemys\u0142owych i komercyjnych.<\/p>\n","protected":false},"featured_media":10127,"template":"","meta":{"_acf_changed":false,"inline_featured_image":false,"_monsterinsights_skip_tracking":false,"_monsterinsights_sitenote_active":false,"_monsterinsights_sitenote_note":"","_monsterinsights_sitenote_category":0},"product_brand":[],"product_cat":[1472,1482,1484,1587],"product_tag":[],"class_list":{"0":"post-9866","1":"product","2":"type-product","3":"status-publish","4":"has-post-thumbnail","6":"product_cat-connect-tech-inc","7":"product_cat-10-gbe-1-gbe-embedded-ethernet-switches-nics","8":"product_cat-gbe","9":"product_cat-produkty-sieciowe","11":"first","12":"instock","13":"shipping-taxable","14":"product-type-simple"},"acf":[],"_links":{"self":[{"href":"https:\/\/quantum.com.pl\/pl\/wp-json\/wp\/v2\/product\/9866","targetHints":{"allow":["GET"]}}],"collection":[{"href":"https:\/\/quantum.com.pl\/pl\/wp-json\/wp\/v2\/product"}],"about":[{"href":"https:\/\/quantum.com.pl\/pl\/wp-json\/wp\/v2\/types\/product"}],"wp:featuredmedia":[{"embeddable":true,"href":"https:\/\/quantum.com.pl\/pl\/wp-json\/wp\/v2\/media\/10127"}],"wp:attachment":[{"href":"https:\/\/quantum.com.pl\/pl\/wp-json\/wp\/v2\/media?parent=9866"}],"wp:term":[{"taxonomy":"product_brand","embeddable":true,"href":"https:\/\/quantum.com.pl\/pl\/wp-json\/wp\/v2\/product_brand?post=9866"},{"taxonomy":"product_cat","embeddable":true,"href":"https:\/\/quantum.com.pl\/pl\/wp-json\/wp\/v2\/product_cat?post=9866"},{"taxonomy":"product_tag","embeddable":true,"href":"https:\/\/quantum.com.pl\/pl\/wp-json\/wp\/v2\/product_tag?post=9866"}],"curies":[{"name":"wp","href":"https:\/\/api.w.org\/{rel}","templated":true}]}}