{"id":9867,"date":"2020-04-20T22:44:49","date_gmt":"2020-04-20T20:44:49","guid":{"rendered":"https:\/\/quantum.com.pl\/product\/import-placeholder-for-8411\/"},"modified":"2025-05-28T10:55:06","modified_gmt":"2025-05-28T08:55:06","slug":"graphitevpx-gbe-managed-ethernet-switch","status":"publish","type":"product","link":"https:\/\/quantum.com.pl\/pl\/product\/graphitevpx-gbe-managed-ethernet-switch\/","title":{"rendered":"GraphiteVPX\/GbE \u2013 Managed Ethernet Switch"},"content":{"rendered":"<h3>Najwa\u017cniejsze cechy<\/h3>\n<ul>\n<li>Opcja radiatora ch\u0142odzonego lub ch\u0142odzonego powietrzem<\/li>\n<li>20 port\u00f3w GbE (10\/100\/1000 Ethernet) &#8211; 16 do p\u0142yty monta\u017cowej VPX, 4 do IO na panelu przednim<\/li>\n<li>Web GUI lub zarz\u0105dzanie CLI<\/li>\n<li>Prze\u0142\u0105czanie Ethernet klasy operatorskiej<\/li>\n<li>Dost\u0119pne z panelem przednim RJ-45 dla \u0142atwego po\u0142\u0105czenia<\/li>\n<li>Obs\u0142uguje 3U profil OpenVPX: MOD3-SWH-16T-16.4.7-1<\/li>\n<li>Rozszerzony zakres temperatur od -40 \u00b0 C do + 85 \u00b0 C<\/li>\n<\/ul>\n<p>&nbsp;<\/p>\n<h3>Wi\u0119cej Informacji<\/h3>\n<p>Zarz\u0105dzany prze\u0142\u0105cznik Ethernet GraphiteVPX \/ GbE firmy Connect Tech zapewnia mo\u017cliwo\u015bci prze\u0142\u0105czania Ethernet klasy operatorskiej w ma\u0142ej obudowie 3U.<\/p>\n<p>Prze\u0142\u0105cznik Ethernet zarz\u0105dzalny GraphiteVPX \/ GbE doskonale nadaje si\u0119 do wymagaj\u0105cych aplikacji w trudnych warunkach i ekstremalnych temperaturach. Jest tak\u017ce niezawodnym sposobem komunikacji z urz\u0105dzeniami 10\/100\/1000 Base-T w systemie wbudowanym. Wyposa\u017cony w najnowsz\u0105 generacj\u0119 silnika Carrier Ethernet Switch, Vitesse 7429 ma wbudowany 32-bitowy procesor MIPS, pami\u0119\u0107 zewn\u0119trzn\u0105 1 Gb oraz obs\u0142ug\u0119 ekstrakcji i wstawiania ramek DMA w oparciu o pakiet, Ethernet OAM i monitorowanie wydajno\u015bci.<\/p>\n<p>Dost\u0119pne w modelach z p\u0142yt\u0105 monta\u017cow\u0105 VPX i \/ lub 4 portami RJ45 na z\u0142\u0105czach na panelu przednim, dzi\u0119ki czemu ten wbudowany prze\u0142\u0105cznik Ethernet jest idealny do ka\u017cdego rodzaju \u015brodowiska.<\/p>\n<h3><\/h3>\n<h3>Dane Techniczne<\/h3>\n\n<table id=\"tablepress-446\" class=\"tablepress tablepress-id-446\">\n<tbody class=\"row-striping row-hover\">\n<tr class=\"row-1\">\n\t<td class=\"column-1\">Ethernet Switch Engine<\/td><td class=\"column-2\">Vitesse VSC7429 Carrier Grade Ethernet Switch Chipset (VPG201)<\/td>\n<\/tr>\n<tr class=\"row-2\">\n\t<td class=\"column-1\">Memory<\/td><td class=\"column-2\">128Mb Flash, 1GB RAM<\/td>\n<\/tr>\n<tr class=\"row-3\">\n\t<td class=\"column-1\">Ports<\/td><td class=\"column-2\">20x GbE (10\/100\/1000 Ethernet) Ports<\/td>\n<\/tr>\n<tr class=\"row-4\">\n\t<td class=\"column-1\">Connectors<\/td><td class=\"column-2\">VPX backplane and\/or 4 port RJ45 on front panel<\/td>\n<\/tr>\n<tr class=\"row-5\">\n\t<td class=\"column-1\">Layer 2 Switching<\/td><td class=\"column-2\">802.1Q VLAN switch with 8K MACs and 4K VLANs, Hardware and software-based learning, Independent and shared VLAN learning (IVL, SVL), IPv4\/IPv6 multicast, Jumbo frame support, Link aggregation (IEEE 802.3ad), Policing with storm control and MC\/BC protection, Push\/pop up to two VLAN tags, RSTP and MSTP support<\/td>\n<\/tr>\n<tr class=\"row-6\">\n\t<td class=\"column-1\">Management Access<\/td><td class=\"column-2\">RS-232 Serial Interface (CLI), Software API, Web Interface<\/td>\n<\/tr>\n<tr class=\"row-7\">\n\t<td class=\"column-1\">LEDs<\/td><td class=\"column-2\">2 LEDs per port (available on RJ-45 and through external connector), Power Rail LEDs, Status LEDs<\/td>\n<\/tr>\n<tr class=\"row-8\">\n\t<td class=\"column-1\">Power Consumption<\/td><td class=\"column-2\">23W Max<\/td>\n<\/tr>\n<tr class=\"row-9\">\n\t<td class=\"column-1\">Dimensions<\/td><td class=\"column-2\">1\u201d Pitch VITA 65 Compliant 3U VPX form factor. L x W = 160mm x 100mm<\/td>\n<\/tr>\n<tr class=\"row-10\">\n\t<td class=\"column-1\">Operating Temperature<\/td><td class=\"column-2\">-40\u00b0C to +85\u00b0C (-40\u00b0F to +185\u00b0F), (chipset rated to +125\u00b0C junction temperature)<\/td>\n<\/tr>\n<\/tbody>\n<\/table>\n<!-- #tablepress-446 from cache -->\n<h3><strong>Ordering information:<\/strong><\/h3>\n<p><strong>VPG201<\/strong>\u00a0\u00a0 \u00a0\u00a0GraphiteVPX\/GbE \u2013 Managed Ethernet Switch \u2013 Air Cooled 20-port GbE Switch<br \/>\n<strong>VPG202<\/strong>\u00a0\u00a0 \u00a0\u00a0GraphiteVPX\/GbE \u2013 Managed Ethernet Switch \u2013 Conduction Cooled 16-port GbE Switch<\/p>\n<p>Cables\/Accessories<br \/>\n<strong>RTG002<\/strong>\u00a0\u00a0 \u00a0\u00a03U extended RTM, with 16 RJ45 channels<\/p>\n","protected":false},"excerpt":{"rendered":"<p>Connect Tech oferuje r\u00f3\u017cnorodne wbudowane switch&#8217;e Ethernet i karty sieciowe Gigabit, w tym rozwi\u0105zania 12, 24 i 36-portowe, skrzynki prze\u0142\u0105cznik\u00f3w, p\u0142ytki, systemy wbudowane, prze\u0142\u0105cznik \/ router 10G oraz kontroler Ethernet 10G. Te rozwi\u0105zania Ethernet klasy operatorskiej o wysokiej g\u0119sto\u015bci i du\u017cej liczbie port\u00f3w s\u0105 idealne do szerokiej gamy zastosowa\u0144 wojskowych, przemys\u0142owych i komercyjnych.<\/p>\n","protected":false},"featured_media":10129,"template":"","meta":{"_acf_changed":false,"inline_featured_image":false,"_monsterinsights_skip_tracking":false,"_monsterinsights_sitenote_active":false,"_monsterinsights_sitenote_note":"","_monsterinsights_sitenote_category":0},"product_brand":[],"product_cat":[1472,1482,1484,1587,1698],"product_tag":[],"class_list":{"0":"post-9867","1":"product","2":"type-product","3":"status-publish","4":"has-post-thumbnail","6":"product_cat-connect-tech-inc","7":"product_cat-10-gbe-1-gbe-embedded-ethernet-switches-nics","8":"product_cat-gbe","9":"product_cat-produkty-sieciowe","10":"product_cat-vpx","12":"first","13":"instock","14":"shipping-taxable","15":"product-type-simple"},"acf":[],"_links":{"self":[{"href":"https:\/\/quantum.com.pl\/pl\/wp-json\/wp\/v2\/product\/9867","targetHints":{"allow":["GET"]}}],"collection":[{"href":"https:\/\/quantum.com.pl\/pl\/wp-json\/wp\/v2\/product"}],"about":[{"href":"https:\/\/quantum.com.pl\/pl\/wp-json\/wp\/v2\/types\/product"}],"wp:featuredmedia":[{"embeddable":true,"href":"https:\/\/quantum.com.pl\/pl\/wp-json\/wp\/v2\/media\/10129"}],"wp:attachment":[{"href":"https:\/\/quantum.com.pl\/pl\/wp-json\/wp\/v2\/media?parent=9867"}],"wp:term":[{"taxonomy":"product_brand","embeddable":true,"href":"https:\/\/quantum.com.pl\/pl\/wp-json\/wp\/v2\/product_brand?post=9867"},{"taxonomy":"product_cat","embeddable":true,"href":"https:\/\/quantum.com.pl\/pl\/wp-json\/wp\/v2\/product_cat?post=9867"},{"taxonomy":"product_tag","embeddable":true,"href":"https:\/\/quantum.com.pl\/pl\/wp-json\/wp\/v2\/product_tag?post=9867"}],"curies":[{"name":"wp","href":"https:\/\/api.w.org\/{rel}","templated":true}]}}