{"id":9868,"date":"2020-04-20T22:44:49","date_gmt":"2020-04-20T20:44:49","guid":{"rendered":"https:\/\/quantum.com.pl\/product\/import-placeholder-for-8418\/"},"modified":"2020-12-09T16:30:32","modified_gmt":"2020-12-09T15:30:32","slug":"linq-gbe-rugged-managed-ethernet-switch-box","status":"publish","type":"product","link":"https:\/\/quantum.com.pl\/pl\/product\/linq-gbe-rugged-managed-ethernet-switch-box\/","title":{"rendered":"LINQ\/GbE Rugged Managed Ethernet Switch Box"},"content":{"rendered":"<h3>Najwa\u017cniejsze cechy<\/h3>\n<ul>\n<li>12 i 24 portowa zarz\u0105dzalna skrzynka prze\u0142\u0105cznik\u00f3w 10\/100\/1000 Mbps<\/li>\n<li>Wzmocniona, szczelna seria z\u0142\u0105cz RJ-45 Acclimate<\/li>\n<li>IP68 Py\u0142oszczelna i wodoodporna obudowa z litego aluminium<\/li>\n<li>Zarz\u0105dzanie Ethernetem warstwy 2+ Carrier<\/li>\n<li>Konstrukcja pasywnie ch\u0142odzona o niskiej mocy<\/li>\n<li>Rozszerzony zakres temperatur od -40 \u00b0 C do + 85 \u00b0 C<\/li>\n<\/ul>\n<p>&nbsp;<\/p>\n<h3>Wi\u0119cej Informacji<\/h3>\n<p>LINQ \/ GbE to wytrzyma\u0142a zarz\u0105dzalna skrzynka rozdzielcza Ethernet. Seria produkt\u00f3w LINQ \/ GbE oferuje 12 lub 24 porty Ethernet 10\/100\/1000 Mbps. Korzystaj\u0105c z silnika prze\u0142\u0105czaj\u0105cego Vitesse VSC7429, u\u017cytkownicy maj\u0105 dost\u0119p do szerokiej gamy funkcji prze\u0142\u0105czania warstwy 2+, w tym mi\u0119dzy innymi do obs\u0142ugi VLAN, multiemisji IPv4 \/ IPv6, QoS, agregacji \u0142\u0105czy i innych. Dost\u0119p do zarz\u0105dzania jest dost\u0119pny za po\u015brednictwem interfejsu internetowego, API oprogramowania, interfejsu SNMP lub interfejsu wiersza polece\u0144, kt\u00f3ry jest idealny do zdalnych aktualizacji wielu urz\u0105dze\u0144.<\/p>\n<p>LINQ \/ GbE to naturalny post\u0119p w kierunku szerokiej linii wbudowanych zarz\u0105dzalnych prze\u0142\u0105cznik\u00f3w Ethernet w ma\u0142ej obudowie, \u0142atwo dost\u0119pnych z Connect Tech.<\/p>\n<p>LINQ \/ GbE wykorzystuje wytrzyma\u0142\u0105 obudow\u0119 o stopniu ochrony IP68 z solidn\u0105 konstrukcj\u0105 ze stopu aluminium, idealn\u0105 do trudnych warunk\u00f3w, w kt\u00f3rych wyst\u0119puj\u0105 silne wstrz\u0105sy i wibracje.<\/p>\n<p>&nbsp;<\/p>\n<h3>Dane Techniczne<\/h3>\n\n<table id=\"tablepress-447\" class=\"tablepress tablepress-id-447\">\n<tbody class=\"row-striping row-hover\">\n<tr class=\"row-1\">\n\t<td class=\"column-1\">Ethernet Switch Engine<\/td><td class=\"column-2\">Vitesse VSC7429 Carrier Grade Ethernet Switch Chipset<\/td>\n<\/tr>\n<tr class=\"row-2\">\n\t<td class=\"column-1\">Ethernet PHYs<\/td><td class=\"column-2\">12 x Cu PHY Ports from Vitesse VSC7429 Switch Engine, 12 x Cu PHY Ports from Vitesse VSC8512 External PHY<\/td>\n<\/tr>\n<tr class=\"row-3\">\n\t<td class=\"column-1\">Memory<\/td><td class=\"column-2\">128Mb Flash, 1GB RAM<\/td>\n<\/tr>\n<tr class=\"row-4\">\n\t<td class=\"column-1\">Ports<\/td><td class=\"column-2\">ESG301: 12x Gigabit Ethernet (10\/100\/1000 Mbps ), ESG302: 24x Gigabit Ethernet (10\/100\/1000 Mbps )<\/td>\n<\/tr>\n<tr class=\"row-5\">\n\t<td class=\"column-1\">Connectors<\/td><td class=\"column-2\">Ethernet: Ruggedized RJ-45 Connectors (Samtec RPBE Series), Power and Management Ports: Bayonet Sealed Circular Connectors (Samtec ACR Series)<\/td>\n<\/tr>\n<tr class=\"row-6\">\n\t<td class=\"column-1\">Layer 2 Switching<\/td><td class=\"column-2\">802.1Q VLAN switch with 8K MACs and 4K VLANs, Hardware and software-based learning, Independent and shared VLAN learning (IVL, SVL), IPv4\/IPv6 multicast, Jumbo frame support, Link aggregation (IEEE 802.3ad), Policing with storm control and MC\/BC protection, Push\/pop up to two VLAN tags, RSTP and MSTP support<\/td>\n<\/tr>\n<tr class=\"row-7\">\n\t<td class=\"column-1\">Management Access<\/td><td class=\"column-2\">RS-232 Serial Interface (CLI), SNMP, Software API, Web Interface<\/td>\n<\/tr>\n<tr class=\"row-8\">\n\t<td class=\"column-1\">Power Consumption<\/td><td class=\"column-2\">Idle: 0.7A, 8.4W, Max: 1.15A, 14W (with +12V input), Typical: 0.85A, 10W<\/td>\n<\/tr>\n<tr class=\"row-9\">\n\t<td class=\"column-1\">Dimensions<\/td><td class=\"column-2\">ESG301: 10.500\u201d x 5.000\u201d x 2.375\u201d (266.70mm x 127.00mm x 60.33mm), ESG302: 18.250\u201d x 5.000\u201d x 2.375\u201d (463.55mm x 127.00mm x 60.33mm)<\/td>\n<\/tr>\n<tr class=\"row-10\">\n\t<td class=\"column-1\">Mechanical Enclosure Details<\/td><td class=\"column-2\">6061-T6 Aluminum Alloy construction, Complete IP68 rated, Sealed with Form-In-Place\/Cure-In-Place (FIP\/CIP) Gasket, Stainless Steel hardware utilized throughout entire assembly, Type II, Class 2 Black Anodize per MIL-A-8625 finish<\/td>\n<\/tr>\n<tr class=\"row-11\">\n\t<td class=\"column-1\">Weight<\/td><td class=\"column-2\">ESG301: 4.5lbs \/ 2041g, ESG302: 7.35lbs \/ 3333g<\/td>\n<\/tr>\n<tr class=\"row-12\">\n\t<td class=\"column-1\">Operating Temperature<\/td><td class=\"column-2\">-40\u00b0C to +85\u00b0C (-40\u00b0F to +185\u00b0F)<\/td>\n<\/tr>\n<\/tbody>\n<\/table>\n\n","protected":false},"excerpt":{"rendered":"<p>Connect Tech oferuje r\u00f3\u017cnorodne wbudowane switch&#8217;e Ethernet i karty sieciowe Gigabit, w tym rozwi\u0105zania 12, 24 i 36-portowe, skrzynki prze\u0142\u0105cznik\u00f3w, p\u0142ytki, systemy wbudowane, prze\u0142\u0105cznik \/ router 10G oraz kontroler Ethernet 10G. Te rozwi\u0105zania Ethernet klasy operatorskiej o wysokiej g\u0119sto\u015bci i du\u017cej liczbie port\u00f3w s\u0105 idealne do szerokiej gamy zastosowa\u0144 wojskowych, przemys\u0142owych i komercyjnych.<\/p>\n","protected":false},"featured_media":10131,"template":"","meta":{"_acf_changed":false,"inline_featured_image":false,"_monsterinsights_skip_tracking":false,"_monsterinsights_sitenote_active":false,"_monsterinsights_sitenote_note":"","_monsterinsights_sitenote_category":0},"product_brand":[],"product_cat":[1472,1482,1484,1587,1606],"product_tag":[],"class_list":{"0":"post-9868","1":"product","2":"type-product","3":"status-publish","4":"has-post-thumbnail","6":"product_cat-connect-tech-inc","7":"product_cat-10-gbe-1-gbe-embedded-ethernet-switches-nics","8":"product_cat-gbe","9":"product_cat-produkty-sieciowe","10":"product_cat-sieci-przemyslowe-2","12":"first","13":"instock","14":"shipping-taxable","15":"product-type-simple"},"acf":[],"_links":{"self":[{"href":"https:\/\/quantum.com.pl\/pl\/wp-json\/wp\/v2\/product\/9868","targetHints":{"allow":["GET"]}}],"collection":[{"href":"https:\/\/quantum.com.pl\/pl\/wp-json\/wp\/v2\/product"}],"about":[{"href":"https:\/\/quantum.com.pl\/pl\/wp-json\/wp\/v2\/types\/product"}],"wp:featuredmedia":[{"embeddable":true,"href":"https:\/\/quantum.com.pl\/pl\/wp-json\/wp\/v2\/media\/10131"}],"wp:attachment":[{"href":"https:\/\/quantum.com.pl\/pl\/wp-json\/wp\/v2\/media?parent=9868"}],"wp:term":[{"taxonomy":"product_brand","embeddable":true,"href":"https:\/\/quantum.com.pl\/pl\/wp-json\/wp\/v2\/product_brand?post=9868"},{"taxonomy":"product_cat","embeddable":true,"href":"https:\/\/quantum.com.pl\/pl\/wp-json\/wp\/v2\/product_cat?post=9868"},{"taxonomy":"product_tag","embeddable":true,"href":"https:\/\/quantum.com.pl\/pl\/wp-json\/wp\/v2\/product_tag?post=9868"}],"curies":[{"name":"wp","href":"https:\/\/api.w.org\/{rel}","templated":true}]}}