{"id":9869,"date":"2020-04-20T22:44:49","date_gmt":"2020-04-20T20:44:49","guid":{"rendered":"https:\/\/quantum.com.pl\/product\/import-placeholder-for-8425\/"},"modified":"2025-05-28T11:16:55","modified_gmt":"2025-05-28T09:16:55","slug":"mini-pcie-gbe","status":"publish","type":"product","link":"https:\/\/quantum.com.pl\/pl\/product\/mini-pcie-gbe\/","title":{"rendered":"Mini PCIe GbE"},"content":{"rendered":"<h3>Najwa\u017cniejsze cechy<\/h3>\n<ul>\n<li>Idealny do dodawania dodatkowych mo\u017cliwo\u015bci Ethernet do dowolnego systemu przy minimalnym wzro\u015bcie ca\u0142kowitego rozmiaru systemu<\/li>\n<li>U\u017cywany w dowolnym gnie\u017adzie Mini PCIe obs\u0142uguj\u0105cym PCIe<\/li>\n<li>Kompatybilno\u015b\u0107 z wieloma r\u00f3\u017cnymi popularnymi systemami operacyjnymi<\/li>\n<li>\u0141atwo zintegrowany z szerok\u0105 gam\u0105 nowych i istniej\u0105cych system\u00f3w<\/li>\n<li>Rozszerzony zakres temperatur od -40 \u00b0 C do + 85 \u00b0 C<\/li>\n<\/ul>\n<p>&nbsp;<\/p>\n<h3>Wi\u0119cej Informacji<\/h3>\n<p>P\u0142ytki Mini PCIe GbE firmy Connect Tech to wytrzyma\u0142e, tanie modu\u0142y Gigabit Ethernet Mini PCIe, kt\u00f3re idealnie nadaj\u0105 si\u0119 do dodania dodatkowych mo\u017cliwo\u015bci Ethernet do dowolnego systemu przy minimalnym wzro\u015bcie og\u00f3lnej wielko\u015bci systemu i zu\u017cycia energii.<\/p>\n<p>Modu\u0142y wykorzystuj\u0105 sygnalizacj\u0119 PCIe, co pozwala na u\u017cycie jej w dowolnym gnie\u017adzie Mini PCIe obs\u0142uguj\u0105cym PCIe. Szeroka temperatura pracy, zatrzaskowe z\u0142\u0105cze Ethernet i rozwi\u0105zanie okablowania pozwala na stosowanie tych modu\u0142\u00f3w w trudnych warunkach.<\/p>\n<p>Kompatybilno\u015b\u0107 z wieloma r\u00f3\u017cnymi popularnymi systemami operacyjnymi pozwala na \u0142atw\u0105 integracj\u0119 tych p\u0142yt z szerok\u0105 gam\u0105 nowych i istniej\u0105cych system\u00f3w.<\/p>\n<p>&nbsp;<\/p>\n<h3>Dane techniczne<\/h3>\n\n<table id=\"tablepress-448\" class=\"tablepress tablepress-id-448\">\n<tbody class=\"row-striping row-hover\">\n<tr class=\"row-1\">\n\t<td class=\"column-1\">Dimensions<\/td><td class=\"column-2\">50.95 mm x 30 mm, Mini PCIe \u201cFull\u201d<\/td>\n<\/tr>\n<tr class=\"row-2\">\n\t<td class=\"column-1\">Ports<\/td><td class=\"column-2\">MPG101 and MPG102: 1x 10\/100\/1000 BASE-T ports, mpg104-2x-101001000-base-t-ports<\/td>\n<\/tr>\n<tr class=\"row-3\">\n\t<td class=\"column-1\">Connectors<\/td><td class=\"column-2\">MPG101: Mini Tek 2mm 2\u00d75 Right Angle, MPG102: Mini Tek 2mm 2\u00d75 Vertical, MPG104: 2x Mini Tek 2mm 2\u00d75 Vertical<\/td>\n<\/tr>\n<tr class=\"row-4\">\n\t<td class=\"column-1\">Cables<\/td><td class=\"column-2\">(Optional, not included), CBG117<\/td>\n<\/tr>\n<tr class=\"row-5\">\n\t<td class=\"column-1\">Operating Temperature<\/td><td class=\"column-2\">-40\u00b0C to +85\u00b0C (-40\u00b0F to +185\u00b0F)<\/td>\n<\/tr>\n<tr class=\"row-6\">\n\t<td class=\"column-1\">Humidity<\/td><td class=\"column-2\">5 to 95% non-condensing<\/td>\n<\/tr>\n<tr class=\"row-7\">\n\t<td class=\"column-1\">LEDs<\/td><td class=\"column-2\">ACTIVITY, LINK, POWER OK<\/td>\n<\/tr>\n<\/tbody>\n<\/table>\n<!-- #tablepress-448 from cache -->\n<p>&nbsp;<\/p>\n<h3>Ordering information:<\/h3>\n<p><strong>MPG101<\/strong> \u00a0\u00a0\u00a0 Single Port Mini PCIe GbE NIC w\/ Right-Angle Connectors<br \/>\n<strong>MPG102<\/strong> \u00a0\u00a0\u00a0 Single Port Mini PCIe GbE NIC w\/ Vertical Connectors<br \/>\n<strong>MPG111<\/strong> \u00a0\u00a0 \u00a0\u00a0 Single Port Mini PCIe GbE NIC w\/ Right-Angle Connectors \u2013 Alternative Parts<br \/>\n<strong>MPG112<\/strong> \u00a0\u00a0 \u00a0 Single Port Mini PCIe GbE NIC w\/ Vertical Connectors \u2013 Alternative Parts<br \/>\n<strong>MPG104<\/strong> \u00a0\u00a0\u00a0 Dual Port Mini PCIe GbE NIC w\/ Vertical Connectors<\/p>\n<p>Cables\/Accessories<br \/>\n<strong>CBG117<\/strong> \u00a0\u00a0\u00a0 RJ-45 panel mount to 10-pin MiniTek w\/Latch<\/p>\n","protected":false},"excerpt":{"rendered":"<p>Connect Tech oferuje r\u00f3\u017cnorodne wbudowane switch&#8217;e Ethernet i karty sieciowe Gigabit, w tym rozwi\u0105zania 12, 24 i 36-portowe, skrzynki prze\u0142\u0105cznik\u00f3w, p\u0142ytki, systemy wbudowane, prze\u0142\u0105cznik \/ router 10G oraz kontroler Ethernet 10G. Te rozwi\u0105zania Ethernet klasy operatorskiej o wysokiej g\u0119sto\u015bci i du\u017cej liczbie port\u00f3w s\u0105 idealne do szerokiej gamy zastosowa\u0144 wojskowych, przemys\u0142owych i komercyjnych.<\/p>\n","protected":false},"featured_media":10133,"template":"","meta":{"_acf_changed":false,"inline_featured_image":false,"_monsterinsights_skip_tracking":false,"_monsterinsights_sitenote_active":false,"_monsterinsights_sitenote_note":"","_monsterinsights_sitenote_category":0},"product_brand":[],"product_cat":[1472,1482,1484,1587],"product_tag":[],"class_list":{"0":"post-9869","1":"product","2":"type-product","3":"status-publish","4":"has-post-thumbnail","6":"product_cat-connect-tech-inc","7":"product_cat-10-gbe-1-gbe-embedded-ethernet-switches-nics","8":"product_cat-gbe","9":"product_cat-produkty-sieciowe","11":"first","12":"instock","13":"shipping-taxable","14":"product-type-simple"},"acf":[],"_links":{"self":[{"href":"https:\/\/quantum.com.pl\/pl\/wp-json\/wp\/v2\/product\/9869","targetHints":{"allow":["GET"]}}],"collection":[{"href":"https:\/\/quantum.com.pl\/pl\/wp-json\/wp\/v2\/product"}],"about":[{"href":"https:\/\/quantum.com.pl\/pl\/wp-json\/wp\/v2\/types\/product"}],"wp:featuredmedia":[{"embeddable":true,"href":"https:\/\/quantum.com.pl\/pl\/wp-json\/wp\/v2\/media\/10133"}],"wp:attachment":[{"href":"https:\/\/quantum.com.pl\/pl\/wp-json\/wp\/v2\/media?parent=9869"}],"wp:term":[{"taxonomy":"product_brand","embeddable":true,"href":"https:\/\/quantum.com.pl\/pl\/wp-json\/wp\/v2\/product_brand?post=9869"},{"taxonomy":"product_cat","embeddable":true,"href":"https:\/\/quantum.com.pl\/pl\/wp-json\/wp\/v2\/product_cat?post=9869"},{"taxonomy":"product_tag","embeddable":true,"href":"https:\/\/quantum.com.pl\/pl\/wp-json\/wp\/v2\/product_tag?post=9869"}],"curies":[{"name":"wp","href":"https:\/\/api.w.org\/{rel}","templated":true}]}}