{"id":9870,"date":"2020-04-20T22:44:50","date_gmt":"2020-04-20T20:44:50","guid":{"rendered":"https:\/\/quantum.com.pl\/product\/import-placeholder-for-8432\/"},"modified":"2020-08-25T22:40:48","modified_gmt":"2020-08-25T20:40:48","slug":"fieldtab10-vm","status":"publish","type":"product","link":"https:\/\/quantum.com.pl\/pl\/product\/fieldtab10-vm\/","title":{"rendered":"FieldTab10\/VM"},"content":{"rendered":"<h3>Najwa\u017cniejsze cechy<\/h3>\n<ul>\n<li>Hiper przyciemnienie 0,1 nitki do ekranu czytelnego w s\u0142o\u0144cu 1000 nit\u00f3w<\/li>\n<li>Pod\u015bwietlenie LED o trwa\u0142o\u015bci 70 000 godzin<\/li>\n<li>Bezproblemowa komunikacja &#8211; GNSS, Bluetooth, 802.11 ac<\/li>\n<li>Wbudowana bateria zapasowa<\/li>\n<li>Ethernet i izolowane porty COM, CAN, DIO<\/li>\n<li>Klejenie optyczne \/ PCT (szk\u0142o Gorilla) \/ odmra\u017canie na zam\u00f3wienie<\/li>\n<li>Opcjonalna funkcja nadzoru wideo<\/li>\n<\/ul>\n<p>&nbsp;<\/p>\n<h3>Wi\u0119cej Informacji<\/h3>\n<p>FieldTab10 \/ VM firmy Connect Tech to wyj\u0105tkowo wytrzyma\u0142y komputer do monta\u017cu w poje\u017adzie, dedykowane urz\u0105dzenie do wymagaj\u0105cych \u015brodowisk samochodowych, zapewniaj\u0105ce wytrzyma\u0142o\u015b\u0107, wydajno\u015b\u0107 i funkcjonalno\u015b\u0107. FieldTab10 \/ VM jest zasilany przez najnowszy czterordzeniowy procesor Intel\u00ae i przyjmuje najbardziej rygorystyczne standardy, w tym IP66, MIL-STD-810G w zakresie temperatury, wilgotno\u015bci, wstrz\u0105s\u00f3w i wibracji. Te znacz\u0105ce cechy sprawiaj\u0105, \u017ce FieldTab10 \/ VM zapewnia maksymaln\u0105 wydajno\u015b\u0107 i niezawodno\u015b\u0107 w nieprzewidywalnych \u015brodowiskach.<\/p>\n<p>Dzi\u0119ki szerokiej gamie interfejs\u00f3w I \/ O, w tym GbE, USB, COM, w po\u0142\u0105czeniu z interfejsem CAN-bus do obs\u0142ugi aplikacji do zarz\u0105dzania flot\u0105, FieldTab10 \/ VM jest dedykowany dla mobilnych operator\u00f3w terenowych, niezale\u017cnie od aplikacji na drodze lub w terenie.<\/p>\n<p>&nbsp;<\/p>\n<h3>Dane techniczne<\/h3>\n\n<table id=\"tablepress-453\" class=\"tablepress tablepress-id-453\">\n<thead>\n<tr class=\"row-1\">\n\t<th class=\"column-1\">CPU<\/th><th class=\"column-2\">Intel\u00ae Celeron\u00ae Processor N2930<br \/>\n<br \/>\n<\/th>\n<\/tr>\n<\/thead>\n<tbody class=\"row-striping row-hover\">\n<tr class=\"row-2\">\n\t<td class=\"column-1\">Memory\t<br \/>\n<\/td><td class=\"column-2\">4GB RAM, optional 8GB<br \/>\n<br \/>\n<\/td>\n<\/tr>\n<tr class=\"row-3\">\n\t<td class=\"column-1\">Storage<\/td><td class=\"column-2\">128GB\/256GB SSD, Optional FIPS 140-2 certified SSD (64GB~256GB)<br \/>\n<br \/>\n<\/td>\n<\/tr>\n<tr class=\"row-4\">\n\t<td class=\"column-1\">Screen<\/td><td class=\"column-2\">7-inch 1024 x 600, 850 nits, optical bonding \/w AR\/AF sunlight readable solution, Multiple capacitive touch<br \/>\n<br \/>\n<\/td>\n<\/tr>\n<tr class=\"row-5\">\n\t<td class=\"column-1\">RF<\/td><td class=\"column-2\">Bluetooth 4.0, GPS, Optional 4G, optional Glonass or BDS, Wi-Fi 802.11 a\/b\/g\/n\/ac<br \/>\n<br \/>\n<\/td>\n<\/tr>\n<tr class=\"row-6\">\n\t<td class=\"column-1\">Data Collection\t<br \/>\n<\/td><td class=\"column-2\">Camera: Front 2MP FF; Rear 8MP AF with LED Fingerprint reader (capacitive type, 508 dpi, option), 2D barcode reader + MSR (snap-on, option), MRZ + MSR reader (snap-on, option)<br \/>\n<br \/>\n<\/td>\n<\/tr>\n<tr class=\"row-7\">\n\t<td class=\"column-1\">Battery<\/td><td class=\"column-2\">Internal: 2900 mAh, 7.5V, 4200 mAh, 7.4V (optional 2nd Battery, hot swappable)<br \/>\n<br \/>\n<\/td>\n<\/tr>\n<tr class=\"row-8\">\n\t<td class=\"column-1\">I\/O\t<br \/>\n<\/td><td class=\"column-2\">1 RS-232, 1x 32-pin docking connector, 1x Audio jack, 1x DC-in, 1x Micro SD, 1x Micro SIM, 2x USB 3.0, RJ-45 (10\/100\/1000), Speaker &amp; Microphone<br \/>\n<br \/>\n<\/td>\n<\/tr>\n<tr class=\"row-9\">\n\t<td class=\"column-1\">Sensor<\/td><td class=\"column-2\">E-compass, G-sensor, Gyroscope, Light sensor<br \/>\n<br \/>\n<\/td>\n<\/tr>\n<tr class=\"row-10\">\n\t<td class=\"column-1\">Dimensions<\/td><td class=\"column-2\">22.5 x 16.8 x 2.7 cm (8.9\u2033 x 6.6\u2033 x 1.1\u2033)<br \/>\n<br \/>\n<\/td>\n<\/tr>\n<tr class=\"row-11\">\n\t<td class=\"column-1\">Weight<\/td><td class=\"column-2\">0.95kg (2.09lbs)<br \/>\n<br \/>\n<\/td>\n<\/tr>\n<tr class=\"row-12\">\n\t<td class=\"column-1\">Operating System\t<br \/>\n<\/td><td class=\"column-2\">Windows 10 IoT Enterprise for Small Tablet, Windows Embedded 8.1 Industry Pro for Tablet<br \/>\n<br \/>\n<\/td>\n<\/tr>\n<tr class=\"row-13\">\n\t<td class=\"column-1\">Design Rating\t<br \/>\n<\/td><td class=\"column-2\">5 feet drop, IP65, MIL-STD-810G<br \/>\n<br \/>\n<\/td>\n<\/tr>\n<tr class=\"row-14\">\n\t<td class=\"column-1\">Storage Temperature\t<br \/>\n<\/td><td class=\"column-2\">-30\u00b0C to +70\u00b0C (-22\u00b0F to +158\u00b0F)<br \/>\n<br \/>\n<\/td>\n<\/tr>\n<tr class=\"row-15\">\n\t<td class=\"column-1\">Operating Temperature\t<br \/>\n<\/td><td class=\"column-2\">-20\u00b0C to +50\u00b0C (-4\u00b0F to +122\u00b0F)<br \/>\n<br \/>\n<\/td>\n<\/tr>\n<\/tbody>\n<\/table>\n<!-- #tablepress-453 from cache -->\n","protected":false},"excerpt":{"rendered":"<p>Linia produkt\u00f3w Rugged FieldTab oferuje najnowsze oferty procesor\u00f3w, w tym Intel Core i5, N2930 lub Atom E3827. Tablety zosta\u0142y przetestowane pod k\u0105tem zgodno\u015bci z norm\u0105 MIL-STD-810g pod k\u0105tem wstrz\u0105s\u00f3w, wibracji i temperatury. S\u0105 zaprojektowane z my\u015bl\u0105 o najtrudniejszych warunkach otoczenia. Dotyk r\u0119kawicy, czytelno\u015b\u0107 w s\u0142o\u0144cu, doki stacjonarne i samochodowe oraz szeroka gama akcesori\u00f3w sprawiaj\u0105, \u017ce linia produkt\u00f3w Connect Tech FieldTab jest idealnym wyborem do szerokiej gamy zastosowa\u0144.<\/p>\n","protected":false},"featured_media":10038,"template":"","meta":{"_acf_changed":false,"inline_featured_image":false,"_monsterinsights_skip_tracking":false,"_monsterinsights_sitenote_active":false,"_monsterinsights_sitenote_note":"","_monsterinsights_sitenote_category":0},"product_brand":[],"product_cat":[1472,1591,1485],"product_tag":[],"class_list":{"0":"post-9870","1":"product","2":"type-product","3":"status-publish","4":"has-post-thumbnail","6":"product_cat-connect-tech-inc","7":"product_cat-komputery-rugged","8":"product_cat-rugged-tablets","10":"first","11":"instock","12":"shipping-taxable","13":"product-type-simple"},"acf":[],"_links":{"self":[{"href":"https:\/\/quantum.com.pl\/pl\/wp-json\/wp\/v2\/product\/9870","targetHints":{"allow":["GET"]}}],"collection":[{"href":"https:\/\/quantum.com.pl\/pl\/wp-json\/wp\/v2\/product"}],"about":[{"href":"https:\/\/quantum.com.pl\/pl\/wp-json\/wp\/v2\/types\/product"}],"wp:featuredmedia":[{"embeddable":true,"href":"https:\/\/quantum.com.pl\/pl\/wp-json\/wp\/v2\/media\/10038"}],"wp:attachment":[{"href":"https:\/\/quantum.com.pl\/pl\/wp-json\/wp\/v2\/media?parent=9870"}],"wp:term":[{"taxonomy":"product_brand","embeddable":true,"href":"https:\/\/quantum.com.pl\/pl\/wp-json\/wp\/v2\/product_brand?post=9870"},{"taxonomy":"product_cat","embeddable":true,"href":"https:\/\/quantum.com.pl\/pl\/wp-json\/wp\/v2\/product_cat?post=9870"},{"taxonomy":"product_tag","embeddable":true,"href":"https:\/\/quantum.com.pl\/pl\/wp-json\/wp\/v2\/product_tag?post=9870"}],"curies":[{"name":"wp","href":"https:\/\/api.w.org\/{rel}","templated":true}]}}