{"id":9871,"date":"2020-04-20T22:44:50","date_gmt":"2020-04-20T20:44:50","guid":{"rendered":"https:\/\/quantum.com.pl\/product\/import-placeholder-for-8439\/"},"modified":"2020-08-25T22:40:48","modified_gmt":"2020-08-25T20:40:48","slug":"fieldtab10b","status":"publish","type":"product","link":"https:\/\/quantum.com.pl\/pl\/product\/fieldtab10b\/","title":{"rendered":"FieldTab10B"},"content":{"rendered":"<h3>Najwa\u017cniejsze cechy<\/h3>\n<ul>\n<li>IP65, MIL-STD-810G, odporno\u015b\u0107 na upadek z wysoko\u015bci 6 st\u00f3p<\/li>\n<li>Programowalne klawisze funkcyjne<\/li>\n<li>Obs\u0142uguje dotyk r\u0119kawicy<\/li>\n<li>Aparat 2 megapiksele (prz\u00f3d) Aparat 5 megapikseli z lamp\u0105 b\u0142yskow\u0105 LED (ty\u0142)<\/li>\n<li>Dost\u0119pny aumulator z akumulatorami zapasowymi<\/li>\n<li>Wiele modu\u0142\u00f3w Snap-On do przechwytywania danych<\/li>\n<\/ul>\n<p>&nbsp;<\/p>\n<h3>Wi\u0119cej Informacji<\/h3>\n<p>FieldTab10B firmy Connect Tech to wyj\u0105tkowo wytrzyma\u0142y tablet zasilany dwurdzeniowym procesorem Intel E3827 1,75 GHz (Bay Trail). Testowany zgodnie z MIL-STD-810G pod k\u0105tem wstrz\u0105s\u00f3w, wibracji i temperatury (od -10 \u00b0 C do + 50 \u00b0 C).<\/p>\n<p>FieldTab10B jest wyposa\u017cony w wiele interfejs\u00f3w I \/ O, w tym GbE, USB, szeregowy, audio WiFi i Bluetooth.<\/p>\n<p>Szeroka gama akcesori\u00f3w pozwala FieldTab10B przemieszcza\u0107 si\u0119 z r\u0105k operatora do pojazdu zamontowanego za pomoc\u0105 wygodnej stacji dokuj\u0105cej. Opcjonalny GPS + skaner kod\u00f3w kreskowych sprawia, \u017ce to urz\u0105dzenie jest naprawd\u0119 idealne do r\u00f3\u017cnorodnych zastosowa\u0144.<\/p>\n<p>&nbsp;<\/p>\n<h3>Dane Techniczne<\/h3>\n\n<table id=\"tablepress-454\" class=\"tablepress tablepress-id-454\">\n<thead>\n<tr class=\"row-1\">\n\t<th class=\"column-1\">CPU<\/th><th class=\"column-2\">Freescale i.MX 6<br \/>\n<br \/>\n<\/th>\n<\/tr>\n<\/thead>\n<tbody class=\"row-striping row-hover\">\n<tr class=\"row-2\">\n\t<td class=\"column-1\">Operating System\t<br \/>\n<\/td><td class=\"column-2\">Android, Linux<br \/>\n<br \/>\n<\/td>\n<\/tr>\n<tr class=\"row-3\">\n\t<td class=\"column-1\">Memory\t<br \/>\n<\/td><td class=\"column-2\">1GB RAM<br \/>\n<br \/>\n<\/td>\n<\/tr>\n<tr class=\"row-4\">\n\t<td class=\"column-1\">Ethernet<\/td><td class=\"column-2\">1x Gigabit Ethernet (10\/100\/1000)<br \/>\n<br \/>\n<\/td>\n<\/tr>\n<tr class=\"row-5\">\n\t<td class=\"column-1\">Audio<\/td><td class=\"column-2\">1x stereo output<br \/>\n<br \/>\n<\/td>\n<\/tr>\n<tr class=\"row-6\">\n\t<td class=\"column-1\">USB\t<br \/>\n<\/td><td class=\"column-2\">4x USB 2.0<br \/>\n<br \/>\n<\/td>\n<\/tr>\n<tr class=\"row-7\">\n\t<td class=\"column-1\">Serial<\/td><td class=\"column-2\">2x RS-232<br \/>\n<br \/>\n<\/td>\n<\/tr>\n<tr class=\"row-8\">\n\t<td class=\"column-1\">SD Card\t<br \/>\n<\/td><td class=\"column-2\">2x Micro SD<br \/>\n<br \/>\n<\/td>\n<\/tr>\n<tr class=\"row-9\">\n\t<td class=\"column-1\">WiFi<\/td><td class=\"column-2\">IEEE 802.11ac<br \/>\n<br \/>\n<\/td>\n<\/tr>\n<tr class=\"row-10\">\n\t<td class=\"column-1\">Bluetooth\t<br \/>\n<\/td><td class=\"column-2\">Bluetooth 4.0 (24Mbls)<br \/>\n<br \/>\n<\/td>\n<\/tr>\n<tr class=\"row-11\">\n\t<td class=\"column-1\">Power Requirements\t<br \/>\n<\/td><td class=\"column-2\">+5V<br \/>\n<br \/>\n<\/td>\n<\/tr>\n<tr class=\"row-12\">\n\t<td class=\"column-1\">Power Consumption\t<br \/>\n<\/td><td class=\"column-2\">Typical <5W<br \/>\n<br \/>\n<\/td>\n<\/tr>\n<tr class=\"row-13\">\n\t<td class=\"column-1\">Dimensions<\/td><td class=\"column-2\">72mm x 100mm (PicoITX)<br \/>\n<br \/>\n<\/td>\n<\/tr>\n<tr class=\"row-14\">\n\t<td class=\"column-1\">Operating Temperature\t<br \/>\n<\/td><td class=\"column-2\">-40\u00b0C to +85\u00b0C (-40\u00b0F to +185\u00b0F)<br \/>\n<br \/>\n<\/td>\n<\/tr>\n<tr class=\"row-15\">\n\t<td class=\"column-1\">Display<\/td><td class=\"column-2\">1x HDMI, 1x LVDS<br \/>\n<br \/>\n<\/td>\n<\/tr>\n<\/tbody>\n<\/table>\n\n","protected":false},"excerpt":{"rendered":"<p>Linia produkt\u00f3w Rugged FieldTab oferuje najnowsze oferty procesor\u00f3w, w tym Intel Core i5, N2930 lub Atom E3827. Tablety zosta\u0142y przetestowane pod k\u0105tem zgodno\u015bci z norm\u0105 MIL-STD-810g pod k\u0105tem wstrz\u0105s\u00f3w, wibracji i temperatury. S\u0105 zaprojektowane z my\u015bl\u0105 o najtrudniejszych warunkach otoczenia. Dotyk r\u0119kawicy, czytelno\u015b\u0107 w s\u0142o\u0144cu, doki stacjonarne i samochodowe oraz szeroka gama akcesori\u00f3w sprawiaj\u0105, \u017ce linia produkt\u00f3w Connect Tech FieldTab jest idealnym wyborem do szerokiej gamy zastosowa\u0144.<\/p>\n","protected":false},"featured_media":10040,"template":"","meta":{"_acf_changed":false,"inline_featured_image":false,"_monsterinsights_skip_tracking":false,"_monsterinsights_sitenote_active":false,"_monsterinsights_sitenote_note":"","_monsterinsights_sitenote_category":0},"product_brand":[],"product_cat":[1472,1591,1485],"product_tag":[],"class_list":{"0":"post-9871","1":"product","2":"type-product","3":"status-publish","4":"has-post-thumbnail","6":"product_cat-connect-tech-inc","7":"product_cat-komputery-rugged","8":"product_cat-rugged-tablets","10":"first","11":"instock","12":"shipping-taxable","13":"product-type-simple"},"acf":[],"_links":{"self":[{"href":"https:\/\/quantum.com.pl\/pl\/wp-json\/wp\/v2\/product\/9871","targetHints":{"allow":["GET"]}}],"collection":[{"href":"https:\/\/quantum.com.pl\/pl\/wp-json\/wp\/v2\/product"}],"about":[{"href":"https:\/\/quantum.com.pl\/pl\/wp-json\/wp\/v2\/types\/product"}],"wp:featuredmedia":[{"embeddable":true,"href":"https:\/\/quantum.com.pl\/pl\/wp-json\/wp\/v2\/media\/10040"}],"wp:attachment":[{"href":"https:\/\/quantum.com.pl\/pl\/wp-json\/wp\/v2\/media?parent=9871"}],"wp:term":[{"taxonomy":"product_brand","embeddable":true,"href":"https:\/\/quantum.com.pl\/pl\/wp-json\/wp\/v2\/product_brand?post=9871"},{"taxonomy":"product_cat","embeddable":true,"href":"https:\/\/quantum.com.pl\/pl\/wp-json\/wp\/v2\/product_cat?post=9871"},{"taxonomy":"product_tag","embeddable":true,"href":"https:\/\/quantum.com.pl\/pl\/wp-json\/wp\/v2\/product_tag?post=9871"}],"curies":[{"name":"wp","href":"https:\/\/api.w.org\/{rel}","templated":true}]}}