{"id":9872,"date":"2020-04-20T22:44:50","date_gmt":"2020-04-20T20:44:50","guid":{"rendered":"https:\/\/quantum.com.pl\/product\/import-placeholder-for-8446\/"},"modified":"2020-08-25T22:40:48","modified_gmt":"2020-08-25T20:40:48","slug":"fieldtab10r","status":"publish","type":"product","link":"https:\/\/quantum.com.pl\/pl\/product\/fieldtab10r\/","title":{"rendered":"FieldTab10R"},"content":{"rendered":"<h3>Najwa\u017cniejsze cechy<\/h3>\n<ul>\n<li>Czytelno\u015b\u0107 w \u015bwietle s\u0142onecznym, niezb\u0119dna do pracy na zewn\u0105trz<\/li>\n<li>Obs\u0142uguje Glove Touch<\/li>\n<li>Bluetooth 4.0 i optyczny 4G LTE, mobilny<\/li>\n<li>Podw\u00f3jny port przelotowy do po\u0142\u0105czenia przez stacj\u0119 dokuj\u0105c\u0105 pojazdu w celu poprawy odbioru GNSS, WLAN lub WWAN<\/li>\n<\/ul>\n<p>&nbsp;<\/p>\n<h3>Wi\u0119cej Informacji<\/h3>\n<p>FieldTab10R firmy Connect Tech ma ultrajasny wy\u015bwietlacz optycznie spojony na 1000 nit\u00f3w, szybk\u0105 \u0142\u0105czno\u015b\u0107 802.11ac, podw\u00f3jn\u0105 bateri\u0119 z mo\u017cliwo\u015bci\u0105 wymiany podczas pracy oraz pojemno\u015bciowy dotyk r\u0119kawicy. Te w pe\u0142ni wzmocnione tablety 10,1 are s\u0105 w 100% gotowe do intensywnego u\u017cytkowania.<\/p>\n<p>Dost\u0119pne s\u0105 r\u00f3\u017cnorodne akcesoria, w tym czytniki pask\u00f3w magnetycznych, czytniki kart inteligentnych, NFC i inne w celu zwi\u0119kszenia funkcjonalno\u015bci gromadzenia danych i mo\u017cliwo\u015bci produktu.<\/p>\n<p>&nbsp;<\/p>\n<h3>Dane Techniczne<\/h3>\n\n<table id=\"tablepress-455\" class=\"tablepress tablepress-id-455\">\n<thead>\n<tr class=\"row-1\">\n\t<th class=\"column-1\">Compatibility<\/th><th class=\"column-2\">3U OpenVPX (Vita 64, VITA 48, VITA 65-compliant)<br \/>\n<br \/>\n<\/th>\n<\/tr>\n<\/thead>\n<tbody class=\"row-striping row-hover\">\n<tr class=\"row-2\">\n\t<td class=\"column-1\">Weight\t<br \/>\n<\/td><td class=\"column-2\">317.529g (11.2 oz)<br \/>\n<br \/>\n<\/td>\n<\/tr>\n<tr class=\"row-3\">\n\t<td class=\"column-1\">CPU<\/td><td class=\"column-2\">Intel\u00ae Atom\u2122 E3845<br \/>\n<br \/>\n<\/td>\n<\/tr>\n<tr class=\"row-4\">\n\t<td class=\"column-1\">Operating System\t<br \/>\n<\/td><td class=\"column-2\">Linux 32\/64-bit, VxWorks, WEC 7, WES 7\/8, Windows 7\/8 32\/64-bit<br \/>\n<br \/>\n<\/td>\n<\/tr>\n<tr class=\"row-5\">\n\t<td class=\"column-1\">Memory<\/td><td class=\"column-2\">2GB RAM<br \/>\n<br \/>\n<\/td>\n<\/tr>\n<tr class=\"row-6\">\n\t<td class=\"column-1\">Operating Temperature\t<br \/>\n<\/td><td class=\"column-2\">-40\u00b0C to +85\u00b0C (-40\u00b0F to +185\u00b0F)<br \/>\n<br \/>\n<\/td>\n<\/tr>\n<tr class=\"row-7\">\n\t<td class=\"column-1\">PCI Express\t<br \/>\n<\/td><td class=\"column-2\">Two Reference clock outputs, Two x4 PCIe Gen3.0 Capable Ports<br \/>\n<br \/>\n<\/td>\n<\/tr>\n<tr class=\"row-8\">\n\t<td class=\"column-1\">Network\t<br \/>\n<\/td><td class=\"column-2\">2x 1000 BASE-X ports, 3x 10\/100\/1000 BASE-T ports<br \/>\n<br \/>\n<\/td>\n<\/tr>\n<tr class=\"row-9\">\n\t<td class=\"column-1\">USB<\/td><td class=\"column-2\">Up to eight USB 2.0 (Hi-Speed) ports, Up to two USB 3.0 (SuperSpeed) ports<br \/>\n<br \/>\n<\/td>\n<\/tr>\n<tr class=\"row-10\">\n\t<td class=\"column-1\">Storage<\/td><td class=\"column-2\">2x SATA<br \/>\n<br \/>\n<\/td>\n<\/tr>\n<tr class=\"row-11\">\n\t<td class=\"column-1\">Display<\/td><td class=\"column-2\">1x DisplayPort<br \/>\n<br \/>\n<\/td>\n<\/tr>\n<tr class=\"row-12\">\n\t<td class=\"column-1\">Audio\t<br \/>\n<\/td><td class=\"column-2\">1x stereo input, 1x stereo output<br \/>\n<br \/>\n<\/td>\n<\/tr>\n<tr class=\"row-13\">\n\t<td class=\"column-1\">Serial\t<br \/>\n<\/td><td class=\"column-2\">2x RS-232<br \/>\n<br \/>\n<\/td>\n<\/tr>\n<tr class=\"row-14\">\n\t<td class=\"column-1\">General Purpose\t<br \/>\n<\/td><td class=\"column-2\">4x GP Inputs, 4x GP Outputs<br \/>\n<br \/>\n<\/td>\n<\/tr>\n<\/tbody>\n<\/table>\n<!-- #tablepress-455 from cache -->\n","protected":false},"excerpt":{"rendered":"<p>Linia produkt\u00f3w Rugged FieldTab oferuje najnowsze oferty procesor\u00f3w, w tym Intel Core i5, N2930 lub Atom E3827. Tablety zosta\u0142y przetestowane pod k\u0105tem zgodno\u015bci z norm\u0105 MIL-STD-810g pod k\u0105tem wstrz\u0105s\u00f3w, wibracji i temperatury. S\u0105 zaprojektowane z my\u015bl\u0105 o najtrudniejszych warunkach otoczenia. Dotyk r\u0119kawicy, czytelno\u015b\u0107 w s\u0142o\u0144cu, doki stacjonarne i samochodowe oraz szeroka gama akcesori\u00f3w sprawiaj\u0105, \u017ce linia produkt\u00f3w Connect Tech FieldTab jest idealnym wyborem do szerokiej gamy zastosowa\u0144.<\/p>\n","protected":false},"featured_media":10042,"template":"","meta":{"_acf_changed":false,"inline_featured_image":false,"_monsterinsights_skip_tracking":false,"_monsterinsights_sitenote_active":false,"_monsterinsights_sitenote_note":"","_monsterinsights_sitenote_category":0},"product_brand":[],"product_cat":[1472,1591,1485],"product_tag":[],"class_list":{"0":"post-9872","1":"product","2":"type-product","3":"status-publish","4":"has-post-thumbnail","6":"product_cat-connect-tech-inc","7":"product_cat-komputery-rugged","8":"product_cat-rugged-tablets","10":"first","11":"instock","12":"shipping-taxable","13":"product-type-simple"},"acf":[],"_links":{"self":[{"href":"https:\/\/quantum.com.pl\/pl\/wp-json\/wp\/v2\/product\/9872","targetHints":{"allow":["GET"]}}],"collection":[{"href":"https:\/\/quantum.com.pl\/pl\/wp-json\/wp\/v2\/product"}],"about":[{"href":"https:\/\/quantum.com.pl\/pl\/wp-json\/wp\/v2\/types\/product"}],"wp:featuredmedia":[{"embeddable":true,"href":"https:\/\/quantum.com.pl\/pl\/wp-json\/wp\/v2\/media\/10042"}],"wp:attachment":[{"href":"https:\/\/quantum.com.pl\/pl\/wp-json\/wp\/v2\/media?parent=9872"}],"wp:term":[{"taxonomy":"product_brand","embeddable":true,"href":"https:\/\/quantum.com.pl\/pl\/wp-json\/wp\/v2\/product_brand?post=9872"},{"taxonomy":"product_cat","embeddable":true,"href":"https:\/\/quantum.com.pl\/pl\/wp-json\/wp\/v2\/product_cat?post=9872"},{"taxonomy":"product_tag","embeddable":true,"href":"https:\/\/quantum.com.pl\/pl\/wp-json\/wp\/v2\/product_tag?post=9872"}],"curies":[{"name":"wp","href":"https:\/\/api.w.org\/{rel}","templated":true}]}}