{"id":9873,"date":"2020-04-20T22:44:50","date_gmt":"2020-04-20T20:44:50","guid":{"rendered":"https:\/\/quantum.com.pl\/product\/import-placeholder-for-8453\/"},"modified":"2020-08-25T22:40:48","modified_gmt":"2020-08-25T20:40:48","slug":"fieldtab7","status":"publish","type":"product","link":"https:\/\/quantum.com.pl\/pl\/product\/fieldtab7\/","title":{"rendered":"FieldTab7"},"content":{"rendered":"<h3>Najwa\u017cniejsze cechy<\/h3>\n<ul>\n<li>IP65, MIL-STD-810G, odporno\u015b\u0107 na upadek z wysoko\u015bci 5 st\u00f3p<\/li>\n<li>Funkcja czytelna w \u015bwietle s\u0142onecznym<\/li>\n<li>Bezproblemowa komunikacja, opcjonalnie 3.5G<\/li>\n<li>Do 9 godzin pracy na baterii<\/li>\n<li>Aparaty 2MP i 5MP z autofokusem i lamp\u0105 b\u0142yskow\u0105 LED<\/li>\n<li>Opcjonalny modu\u0142 MSR i czytnik kod\u00f3w kreskowych 2 w 1<\/li>\n<li>Akcesoria o szerokim zasi\u0119gu<\/li>\n<li>Kompaktowa stacja dokuj\u0105ca do pojazd\u00f3w o szerokim zakresie napi\u0119cia<\/li>\n<\/ul>\n<p>&nbsp;<\/p>\n<h3>Wi\u0119cej Informacji<\/h3>\n<p>FieldTab7 firmy Connect Tech to wytrzyma\u0142y tablet przeznaczony do u\u017cytku w najbardziej ekstremalnych warunkach \u015brodowiskowych. Technologia hiper-\u015bciemniania zapewnia szeroki wy\u015bwietlacz o regulowanej jasno\u015bci, idealny do operacji w dzie\u0144 i w nocy. FieldTab7 oferuje szerok\u0105 gam\u0119 akcesori\u00f3w umo\u017cliwiaj\u0105cych dostosowanie go do konkretnego zastosowania w razie potrzeby.<\/p>\n<p>Dzi\u0119ki jednemu gigabitowemu portowi Ethernet, dw\u00f3m portom USB, jednemu cyfrowemu portowi I \/ O, jednemu portowi COM i dw\u00f3m magistralom CAN, FieldTab7 doskonale nadaje si\u0119 do szerokiej gamy zastosowa\u0144.<\/p>\n<p>&nbsp;<\/p>\n<h3>Dane Techniczne<\/h3>\n\n<table id=\"tablepress-456\" class=\"tablepress tablepress-id-456\">\n<thead>\n<tr class=\"row-1\">\n\t<th class=\"column-1\">Compatibility<\/th><th class=\"column-2\">PCIe\/104<br \/>\n<br \/>\n<\/th>\n<\/tr>\n<\/thead>\n<tbody class=\"row-striping row-hover\">\n<tr class=\"row-2\">\n\t<td class=\"column-1\">Expansion<\/td><td class=\"column-2\">4 x PCIe x1 lanes<br \/>\n<br \/>\n<\/td>\n<\/tr>\n<tr class=\"row-3\">\n\t<td class=\"column-1\">Dimensions<\/td><td class=\"column-2\">Fully PCI\/104 compliant<br \/>\n<br \/>\n<\/td>\n<\/tr>\n<tr class=\"row-4\">\n\t<td class=\"column-1\">Serial<\/td><td class=\"column-2\">2x RS-232, 2x RS-485, PS\/2 keyboard &amp; mouse<br \/>\n<br \/>\n<\/td>\n<\/tr>\n<tr class=\"row-5\">\n\t<td class=\"column-1\">Power Requirements\t<br \/>\n<\/td><td class=\"column-2\">ATX Supply Input<br \/>\n<br \/>\n<\/td>\n<\/tr>\n<\/tbody>\n<\/table>\n<!-- #tablepress-456 from cache -->\n","protected":false},"excerpt":{"rendered":"<p>Linia produkt\u00f3w Rugged FieldTab oferuje najnowsze oferty procesor\u00f3w, w tym Intel Core i5, N2930 lub Atom E3827. Tablety zosta\u0142y przetestowane pod k\u0105tem zgodno\u015bci z norm\u0105 MIL-STD-810g pod k\u0105tem wstrz\u0105s\u00f3w, wibracji i temperatury. S\u0105 zaprojektowane z my\u015bl\u0105 o najtrudniejszych warunkach otoczenia. Dotyk r\u0119kawicy, czytelno\u015b\u0107 w s\u0142o\u0144cu, doki stacjonarne i samochodowe oraz szeroka gama akcesori\u00f3w sprawiaj\u0105, \u017ce linia produkt\u00f3w Connect Tech FieldTab jest idealnym wyborem do szerokiej gamy zastosowa\u0144.<\/p>\n","protected":false},"featured_media":10044,"template":"","meta":{"_acf_changed":false,"inline_featured_image":false,"_monsterinsights_skip_tracking":false,"_monsterinsights_sitenote_active":false,"_monsterinsights_sitenote_note":"","_monsterinsights_sitenote_category":0},"product_brand":[],"product_cat":[1472,1591,1485],"product_tag":[],"class_list":{"0":"post-9873","1":"product","2":"type-product","3":"status-publish","4":"has-post-thumbnail","6":"product_cat-connect-tech-inc","7":"product_cat-komputery-rugged","8":"product_cat-rugged-tablets","10":"first","11":"instock","12":"shipping-taxable","13":"product-type-simple"},"acf":[],"_links":{"self":[{"href":"https:\/\/quantum.com.pl\/pl\/wp-json\/wp\/v2\/product\/9873","targetHints":{"allow":["GET"]}}],"collection":[{"href":"https:\/\/quantum.com.pl\/pl\/wp-json\/wp\/v2\/product"}],"about":[{"href":"https:\/\/quantum.com.pl\/pl\/wp-json\/wp\/v2\/types\/product"}],"wp:featuredmedia":[{"embeddable":true,"href":"https:\/\/quantum.com.pl\/pl\/wp-json\/wp\/v2\/media\/10044"}],"wp:attachment":[{"href":"https:\/\/quantum.com.pl\/pl\/wp-json\/wp\/v2\/media?parent=9873"}],"wp:term":[{"taxonomy":"product_brand","embeddable":true,"href":"https:\/\/quantum.com.pl\/pl\/wp-json\/wp\/v2\/product_brand?post=9873"},{"taxonomy":"product_cat","embeddable":true,"href":"https:\/\/quantum.com.pl\/pl\/wp-json\/wp\/v2\/product_cat?post=9873"},{"taxonomy":"product_tag","embeddable":true,"href":"https:\/\/quantum.com.pl\/pl\/wp-json\/wp\/v2\/product_tag?post=9873"}],"curies":[{"name":"wp","href":"https:\/\/api.w.org\/{rel}","templated":true}]}}