{"id":9874,"date":"2020-04-20T22:44:50","date_gmt":"2020-04-20T20:44:50","guid":{"rendered":"https:\/\/quantum.com.pl\/product\/import-placeholder-for-8460\/"},"modified":"2020-08-25T22:40:49","modified_gmt":"2020-08-25T20:40:49","slug":"fieldtab7b","status":"publish","type":"product","link":"https:\/\/quantum.com.pl\/pl\/product\/fieldtab7b\/","title":{"rendered":"FieldTab7B"},"content":{"rendered":"<h3>Najwa\u017cniejsze cechy<\/h3>\n<ul>\n<li>IP65, MIL-STD-810G, odporno\u015b\u0107 na upadek z wysoko\u015bci 5 st\u00f3p<\/li>\n<li>Rozwi\u0105zanie czytelne w \u015bwietle s\u0142onecznym<\/li>\n<li>Bezproblemowa komunikacja, opcjonalnie 4G<\/li>\n<li>Aparaty 2MP i 8MP z autofocus i lamp\u0105 b\u0142yskow\u0105 LED<\/li>\n<li>Opcjonalny czytnik linii papilarnych, czytnik kod\u00f3w kreskowych i czytnik MRZ + MSR (Snap-On)<\/li>\n<li>Kompaktowa stacja dokuj\u0105ca do pojazd\u00f3w o szerokim zakresie napi\u0119cia<\/li>\n<\/ul>\n<p>&nbsp;<\/p>\n<h3>Wi\u0119cej Informacji<\/h3>\n<p>FieldTab7B firmy Connect Tech to 7-calowy w pe\u0142ni wytrzyma\u0142y tablet z systemem Windows, z wbudowanym wieloma interfejsami i szerok\u0105 gam\u0105 akcesori\u00f3w spe\u0142niaj\u0105cych r\u00f3\u017cne potrzeby zwi\u0105zane z wdra\u017caniem. Zasilany przez procesor Intel\u00ae Celeron\u00ae N2930, FieldTab7B jest testowany zgodnie z IP65, MIL-STD-810G, z odporno\u015bci\u0105 na upadek z wysoko\u015bci 5 st\u00f3p.<\/p>\n<p>FieldTab7B ma bogaty interfejs I \/ O, w tym USB, RJ-45, RS-232, GbE, Micro SD, audio, WiFi i Bluetooth.<\/p>\n<p>FieldTab7B jest bardzo \u0142atwy w obs\u0142udze dzi\u0119ki intuicyjnemu ekranowi dotykowemu o wielu pojemno\u015bciach, najnowszemu systemowi Windows 10 IoT Enterprise OS oraz kompletnym akcesoriom do przenoszenia i dokowaniu. Dzi\u0119ki wy\u015bwietlaczowi 850 nit\u00f3w jest czytelny w \u015bwietle s\u0142onecznym dla pracownik\u00f3w zewn\u0119trznych.<\/p>\n<p>&nbsp;<\/p>\n<h3>Dane techniczne<\/h3>\n\n<table id=\"tablepress-457\" class=\"tablepress tablepress-id-457\">\n<thead>\n<tr class=\"row-1\">\n\t<th class=\"column-1\">Compatibility<\/th><th class=\"column-2\">PCI-104<br \/>\n<br \/>\n<\/th>\n<\/tr>\n<\/thead>\n<tbody class=\"row-striping row-hover\">\n<tr class=\"row-2\">\n\t<td class=\"column-1\">Serial<\/td><td class=\"column-2\">2x RS-232, 2x RS-485, PS\/2 keyboard &amp; mouse<br \/>\n<br \/>\n<\/td>\n<\/tr>\n<tr class=\"row-3\">\n\t<td class=\"column-1\">Dimensions\t<br \/>\n<\/td><td class=\"column-2\">PC\/104 Compliant<br \/>\n<br \/>\n<\/td>\n<\/tr>\n<tr class=\"row-4\">\n\t<td class=\"column-1\">Power Requirements\t<br \/>\n<\/td><td class=\"column-2\">ATX Supply Input<br \/>\n<br \/>\n<\/td>\n<\/tr>\n<\/tbody>\n<\/table>\n<!-- #tablepress-457 from cache -->\n","protected":false},"excerpt":{"rendered":"<p>Linia produkt\u00f3w Rugged FieldTab oferuje najnowsze oferty procesor\u00f3w, w tym Intel Core i5, N2930 lub Atom E3827. Tablety zosta\u0142y przetestowane pod k\u0105tem zgodno\u015bci z norm\u0105 MIL-STD-810g pod k\u0105tem wstrz\u0105s\u00f3w, wibracji i temperatury. S\u0105 zaprojektowane z my\u015bl\u0105 o najtrudniejszych warunkach otoczenia. Dotyk r\u0119kawicy, czytelno\u015b\u0107 w s\u0142o\u0144cu, doki stacjonarne i samochodowe oraz szeroka gama akcesori\u00f3w sprawiaj\u0105, \u017ce linia produkt\u00f3w Connect Tech FieldTab jest idealnym wyborem do szerokiej gamy zastosowa\u0144.<\/p>\n","protected":false},"featured_media":10046,"template":"","meta":{"_acf_changed":false,"inline_featured_image":false,"_monsterinsights_skip_tracking":false,"_monsterinsights_sitenote_active":false,"_monsterinsights_sitenote_note":"","_monsterinsights_sitenote_category":0},"product_brand":[],"product_cat":[1472,1591,1485],"product_tag":[],"class_list":{"0":"post-9874","1":"product","2":"type-product","3":"status-publish","4":"has-post-thumbnail","6":"product_cat-connect-tech-inc","7":"product_cat-komputery-rugged","8":"product_cat-rugged-tablets","10":"first","11":"instock","12":"shipping-taxable","13":"product-type-simple"},"acf":[],"_links":{"self":[{"href":"https:\/\/quantum.com.pl\/pl\/wp-json\/wp\/v2\/product\/9874","targetHints":{"allow":["GET"]}}],"collection":[{"href":"https:\/\/quantum.com.pl\/pl\/wp-json\/wp\/v2\/product"}],"about":[{"href":"https:\/\/quantum.com.pl\/pl\/wp-json\/wp\/v2\/types\/product"}],"wp:featuredmedia":[{"embeddable":true,"href":"https:\/\/quantum.com.pl\/pl\/wp-json\/wp\/v2\/media\/10046"}],"wp:attachment":[{"href":"https:\/\/quantum.com.pl\/pl\/wp-json\/wp\/v2\/media?parent=9874"}],"wp:term":[{"taxonomy":"product_brand","embeddable":true,"href":"https:\/\/quantum.com.pl\/pl\/wp-json\/wp\/v2\/product_brand?post=9874"},{"taxonomy":"product_cat","embeddable":true,"href":"https:\/\/quantum.com.pl\/pl\/wp-json\/wp\/v2\/product_cat?post=9874"},{"taxonomy":"product_tag","embeddable":true,"href":"https:\/\/quantum.com.pl\/pl\/wp-json\/wp\/v2\/product_tag?post=9874"}],"curies":[{"name":"wp","href":"https:\/\/api.w.org\/{rel}","templated":true}]}}