{"id":9875,"date":"2020-04-20T22:44:50","date_gmt":"2020-04-20T20:44:50","guid":{"rendered":"https:\/\/quantum.com.pl\/product\/import-placeholder-for-8461\/"},"modified":"2020-04-22T22:23:27","modified_gmt":"2020-04-22T20:23:27","slug":"arcticedge-imx6","status":"publish","type":"product","link":"https:\/\/quantum.com.pl\/pl\/product\/arcticedge-imx6\/","title":{"rendered":"ArcticEdge\/iMX6"},"content":{"rendered":"<h3>Najwa\u017cniejsze cechy<\/h3>\n<ul>\n<li>Wyj\u015bcia HDMI i LVDS<\/li>\n<li>i.MX6 Czterordzeniowy procesor ARM Cortex-A9 800 MHz<\/li>\n<li>Dost\u0119pne BSP dla system\u00f3w Linux i Android<\/li>\n<li>Rozszerzony zakres temperatur od -40 \u00b0 C do + 85 \u00b0 C<\/li>\n<\/ul>\n<p>&nbsp;<\/p>\n<h3>Wi\u0119cej Informacji<\/h3>\n<p>ArcticEdge \/ iMX6 firmy Connect Tech przekr\u0119ci tw\u00f3j ARM poza \u015bredni\u0105 p\u0142yt\u0119 programistyczn\u0105. Niska moc, wysoka wydajno\u015b\u0107 i rozszerzony zakres temperatur ArcticEdge sprawiaj\u0105, \u017ce jest to praktyczny wyb\u00f3r do przeniesienia aplikacji z biurka programisty w teren.<\/p>\n<p>Procesor Cortex-A9 i.MX6Q 800 MHz zapewnia niezawodno\u015b\u0107 niezb\u0119dn\u0105 do krytycznych zastosowa\u0144 o d\u0142ugiej \u017cywotno\u015bci.<\/p>\n<h3><\/h3>\n<h3>Dane Techniczne<\/h3>\n\n<table id=\"tablepress-458\" class=\"tablepress tablepress-id-458\">\n<thead>\n<tr class=\"row-1\">\n\t<th class=\"column-1\">Dimensions<\/th><th class=\"column-2\">146.05mm x 131.76mm (5.75\u201d x 5.1875\u201d)<br \/>\n<br \/>\n<\/th>\n<\/tr>\n<\/thead>\n<tbody class=\"row-striping row-hover\">\n<tr class=\"row-2\">\n\t<td class=\"column-1\">Mini PCIe\/mSATA\t<br \/>\n<\/td><td class=\"column-2\">2x Mini-PCIe\/mSATA<br \/>\n<br \/>\n<\/td>\n<\/tr>\n<tr class=\"row-3\">\n\t<td class=\"column-1\">GPIO\t<br \/>\n<\/td><td class=\"column-2\">16-bit<br \/>\n<br \/>\n<\/td>\n<\/tr>\n<tr class=\"row-4\">\n\t<td class=\"column-1\">Storage<\/td><td class=\"column-2\">2x External SATA<br \/>\n<br \/>\n<\/td>\n<\/tr>\n<tr class=\"row-5\">\n\t<td class=\"column-1\">Display<\/td><td class=\"column-2\">1x DisplayPort\/HDMI\/DVI, 1x LVDS<br \/>\n<br \/>\n<\/td>\n<\/tr>\n<tr class=\"row-6\">\n\t<td class=\"column-1\">Serial<\/td><td class=\"column-2\">4x RS-232\/RS-485<br \/>\n<br \/>\n<\/td>\n<\/tr>\n<tr class=\"row-7\">\n\t<td class=\"column-1\">USB<\/td><td class=\"column-2\">1x USB 3.0, 4x USB 2.0<br \/>\n<br \/>\n<\/td>\n<\/tr>\n<tr class=\"row-8\">\n\t<td class=\"column-1\">Ethernet<\/td><td class=\"column-2\">2x Gigabit (10\/100\/1000) Ports<br \/>\n<br \/>\n<\/td>\n<\/tr>\n<tr class=\"row-9\">\n\t<td class=\"column-1\">SD Card\t<br \/>\n<\/td><td class=\"column-2\">1x microSD<br \/>\n<br \/>\n<\/td>\n<\/tr>\n<tr class=\"row-10\">\n\t<td class=\"column-1\">Power Requirements\t<br \/>\n<\/td><td class=\"column-2\">+12V to +36V DC Input<br \/>\n<br \/>\n<\/td>\n<\/tr>\n<tr class=\"row-11\">\n\t<td class=\"column-1\">Operating Temperature\t<br \/>\n<\/td><td class=\"column-2\">-40\u00b0C to +85\u00b0C (-40\u00b0F to +185\u00b0F)<br \/>\n<br \/>\n<\/td>\n<\/tr>\n<tr class=\"row-12\">\n\t<td class=\"column-1\">Audio<\/td><td class=\"column-2\">1x HD Audio Input, 1x HD Audio Output<br \/>\n<br \/>\n<\/td>\n<\/tr>\n<\/tbody>\n<\/table>\n<!-- #tablepress-458 from cache -->\n","protected":false},"excerpt":{"rendered":"<p>Connect Tech offers a wide variety of single board computers (SBC) with a number of embedded processor solutions, including: AMD, Cortex-A9, Intel\u00ae Atom&#x2122;, Freescale, Texas Instruments, NVIDIA, and VIA.<\/p>\n","protected":false},"featured_media":10027,"template":"","meta":{"_acf_changed":false,"inline_featured_image":false,"_monsterinsights_skip_tracking":false,"_monsterinsights_sitenote_active":false,"_monsterinsights_sitenote_note":"","_monsterinsights_sitenote_category":0},"product_brand":[],"product_cat":[1472,1486],"product_tag":[],"class_list":{"0":"post-9875","1":"product","2":"type-product","3":"status-publish","4":"has-post-thumbnail","6":"product_cat-connect-tech-inc","7":"product_cat-single-board-computers","9":"first","10":"instock","11":"shipping-taxable","12":"product-type-simple"},"acf":[],"_links":{"self":[{"href":"https:\/\/quantum.com.pl\/pl\/wp-json\/wp\/v2\/product\/9875","targetHints":{"allow":["GET"]}}],"collection":[{"href":"https:\/\/quantum.com.pl\/pl\/wp-json\/wp\/v2\/product"}],"about":[{"href":"https:\/\/quantum.com.pl\/pl\/wp-json\/wp\/v2\/types\/product"}],"wp:featuredmedia":[{"embeddable":true,"href":"https:\/\/quantum.com.pl\/pl\/wp-json\/wp\/v2\/media\/10027"}],"wp:attachment":[{"href":"https:\/\/quantum.com.pl\/pl\/wp-json\/wp\/v2\/media?parent=9875"}],"wp:term":[{"taxonomy":"product_brand","embeddable":true,"href":"https:\/\/quantum.com.pl\/pl\/wp-json\/wp\/v2\/product_brand?post=9875"},{"taxonomy":"product_cat","embeddable":true,"href":"https:\/\/quantum.com.pl\/pl\/wp-json\/wp\/v2\/product_cat?post=9875"},{"taxonomy":"product_tag","embeddable":true,"href":"https:\/\/quantum.com.pl\/pl\/wp-json\/wp\/v2\/product_tag?post=9875"}],"curies":[{"name":"wp","href":"https:\/\/api.w.org\/{rel}","templated":true}]}}