{"id":9878,"date":"2020-04-20T22:44:50","date_gmt":"2020-04-20T20:44:50","guid":{"rendered":"https:\/\/quantum.com.pl\/product\/import-placeholder-for-8488\/"},"modified":"2020-04-22T22:38:05","modified_gmt":"2020-04-22T20:38:05","slug":"xtreme-sbc-pci-104-single-board-computer","status":"publish","type":"product","link":"https:\/\/quantum.com.pl\/pl\/product\/xtreme-sbc-pci-104-single-board-computer\/","title":{"rendered":"Xtreme\/SBC PCI-104 Single Board Computer"},"content":{"rendered":"<h3>Najwa\u017cniejsze cechy<\/h3>\n<ul>\n<li>Wsp\u00f3\u0142czynnik kszta\u0142tu PCI-104<\/li>\n<li>Do 4 urz\u0105dze\u0144 PCI-104<\/li>\n<li>Wbudowane z\u0142\u0105cza zapewniaj\u0105 natychmiastowy dost\u0119p do SATA, Ethernet, USB, LVDS i VGA Video oraz 2x RS-232 i 2x RS-422\/485<\/li>\n<li>Opcje procesora:\n<ul>\n<li>AMD z serii G.<\/li>\n<li>Intel Atom<\/li>\n<li>Freescale<\/li>\n<li>Texas Instruments<\/li>\n<li>NVIDIA<\/li>\n<li>VIA<\/li>\n<\/ul>\n<\/li>\n<\/ul>\n<h3><\/h3>\n<h3>Wi\u0119cej Informacji<\/h3>\n<p>Komputer jednop\u0142ytkowy Xtreme \/ SBC PCI-104 wykorzystuje obudow\u0119 PCI-104 i wygodnie zapewnia wbudowane z\u0142\u0105cza, kt\u00f3re umo\u017cliwiaj\u0105 natychmiastowy dost\u0119p do funkcji, w tym 2x SATA, 1x Gigabit Ethernet, 4x USB 2.0, LVDS i VGA Video oraz 2x RS -232 i 2x RS-422\/485.<\/p>\n<p>Ten komputer jednop\u0142ytkowy oferuje r\u00f3\u017cne opcje wbudowanych procesor\u00f3w, w tym AMD, Intel Atom, Freescale, Texas Instruments, NVIDIA i VIA.<\/p>\n<p>Komputer jednop\u0142ytkowy PCI-104 jest idealny do szerokiej gamy aplikacji wbudowanych.<\/p>\n<p>&nbsp;<\/p>\n<h3>Dane Techniczne<\/h3>\n\n<table id=\"tablepress-461\" class=\"tablepress tablepress-id-461\">\n<tbody class=\"row-striping row-hover\">\n<tr class=\"row-1\">\n\t<td class=\"column-1\">Compatibility<\/td><td class=\"column-2\">PCIe\/104<\/td>\n<\/tr>\n<tr class=\"row-2\">\n\t<td class=\"column-1\">FPGA<\/td><td class=\"column-2\">Xilinx Spartan-6 LX45<\/td>\n<\/tr>\n<tr class=\"row-3\">\n\t<td class=\"column-1\">Bus<\/td><td class=\"column-2\">Spartan-6 PCIe Gen 1 endpoint<\/td>\n<\/tr>\n<tr class=\"row-4\">\n\t<td class=\"column-1\">FPGA Mezzanine Card<\/td><td class=\"column-2\">1x low pin count FPGA Mezzanine Card (LPC FMC)<br \/>\n36 LVDS pairs, 1 rocket I\/O channel, I2C interface<\/td>\n<\/tr>\n<tr class=\"row-5\">\n\t<td class=\"column-1\">Memory<\/td><td class=\"column-2\">128MB RAM, 2MB flash for embedded code storage, 4MB flash for FPGA configuration<\/td>\n<\/tr>\n<tr class=\"row-6\">\n\t<td class=\"column-1\">Ethernet<\/td><td class=\"column-2\">2x Gigabit (10\/100\/1000) Ports<\/td>\n<\/tr>\n<tr class=\"row-7\">\n\t<td class=\"column-1\">Serial<\/td><td class=\"column-2\">1x RS-232<\/td>\n<\/tr>\n<tr class=\"row-8\">\n\t<td class=\"column-1\">Programming<\/td><td class=\"column-2\">JTAG test and programming chain<\/td>\n<\/tr>\n<tr class=\"row-9\">\n\t<td class=\"column-1\">Operating Temperature<\/td><td class=\"column-2\">-40\u00b0C to +85\u00b0C (-40\u00b0F to +185\u00b0F)<\/td>\n<\/tr>\n<tr class=\"row-10\">\n\t<td class=\"column-1\">Power Requirements<\/td><td class=\"column-2\">+12V DC Input Only (DC Barrel), +3.3V DC<\/td>\n<\/tr>\n<tr class=\"row-11\">\n\t<td class=\"column-1\">Dimensions<\/td><td class=\"column-2\">Height: 4.4\u201d Length: 6.6\u201d<\/td>\n<\/tr>\n<\/tbody>\n<\/table>\n<!-- #tablepress-461 from cache -->\n","protected":false},"excerpt":{"rendered":"<p>Connect Tech oferuje szerok\u0105 gam\u0119 komputer\u00f3w jednop\u0142ytkowych (SBC) z wieloma wbudowanymi procesorami, w tym: AMD, Cortex-A9, Intel\u00ae Atom &#x2122;, Freescale, Texas Instruments, NVIDIA i VIA.<\/p>\n","protected":false},"featured_media":10034,"template":"","meta":{"_acf_changed":false,"inline_featured_image":false,"_monsterinsights_skip_tracking":false,"_monsterinsights_sitenote_active":false,"_monsterinsights_sitenote_note":"","_monsterinsights_sitenote_category":0},"product_brand":[],"product_cat":[1472,1486],"product_tag":[],"class_list":{"0":"post-9878","1":"product","2":"type-product","3":"status-publish","4":"has-post-thumbnail","6":"product_cat-connect-tech-inc","7":"product_cat-single-board-computers","9":"first","10":"instock","11":"shipping-taxable","12":"product-type-simple"},"acf":[],"_links":{"self":[{"href":"https:\/\/quantum.com.pl\/pl\/wp-json\/wp\/v2\/product\/9878","targetHints":{"allow":["GET"]}}],"collection":[{"href":"https:\/\/quantum.com.pl\/pl\/wp-json\/wp\/v2\/product"}],"about":[{"href":"https:\/\/quantum.com.pl\/pl\/wp-json\/wp\/v2\/types\/product"}],"wp:featuredmedia":[{"embeddable":true,"href":"https:\/\/quantum.com.pl\/pl\/wp-json\/wp\/v2\/media\/10034"}],"wp:attachment":[{"href":"https:\/\/quantum.com.pl\/pl\/wp-json\/wp\/v2\/media?parent=9878"}],"wp:term":[{"taxonomy":"product_brand","embeddable":true,"href":"https:\/\/quantum.com.pl\/pl\/wp-json\/wp\/v2\/product_brand?post=9878"},{"taxonomy":"product_cat","embeddable":true,"href":"https:\/\/quantum.com.pl\/pl\/wp-json\/wp\/v2\/product_cat?post=9878"},{"taxonomy":"product_tag","embeddable":true,"href":"https:\/\/quantum.com.pl\/pl\/wp-json\/wp\/v2\/product_tag?post=9878"}],"curies":[{"name":"wp","href":"https:\/\/api.w.org\/{rel}","templated":true}]}}