{"id":9879,"date":"2020-04-20T22:44:51","date_gmt":"2020-04-20T20:44:51","guid":{"rendered":"https:\/\/quantum.com.pl\/product\/import-placeholder-for-8495\/"},"modified":"2020-04-22T22:40:45","modified_gmt":"2020-04-22T20:40:45","slug":"trailblazer-sbc-2","status":"publish","type":"product","link":"https:\/\/quantum.com.pl\/pl\/product\/trailblazer-sbc-2\/","title":{"rendered":"TrailBlazer\/SBC"},"content":{"rendered":"<h3>Najwa\u017cniejsze cechy<\/h3>\n<ul>\n<li>Wybierz jedn\u0105 z opcji serii Intel\u00ae E38xxx, Quad, Dual lub Single core<\/li>\n<li>Poczw\u00f3rna szeregowa, podw\u00f3jna magistrala CAN (opcjonalnie)<\/li>\n<li>Zewn\u0119trzne obwody prze\u0142\u0105czaj\u0105ce SATA \/ mSATA<\/li>\n<li>Pojedyncze szerokopasmowe napi\u0119cie wej\u015bciowe + 12V do + 36V DC<\/li>\n<li>Rozszerzony zakres temperatur od -40 \u00b0 C do + 85 \u00b0 C<\/li>\n<\/ul>\n<p>&nbsp;<\/p>\n<h3>Wi\u0119cej Informacji<\/h3>\n<p>TrailBlazer \/ SBC firmy Connect Tech jest wytrzyma\u0142ym komputerem jednop\u0142ytkowym, oferuj\u0105cym z\u0142\u0105cza wtykowe z blokowanymi pinami, i zosta\u0142 specjalnie zaprojektowany dla procesor\u00f3w z serii Intel Bay Trail. TrailBlazer jest dost\u0119pny z Quad Core E3845, Dual Core E3825 lub Single Core E3815.<\/p>\n<p>Doskona\u0142y do zastosowa\u0144 wymagaj\u0105cych ma\u0142ej mocy, wymagaj\u0105cych du\u017cego poboru mocy. Dzi\u0119ki prze\u0142\u0105czaniu Mini-PCIe \/ mSATA \/ External SATA, Dual Gigabit Ethernet i wielu formatom wy\u015bwietlania TrailBlazer \/ SBC oferuje w pe\u0142ni funkcjonalne, elastyczne rozwi\u0105zanie o niewielkich rozmiarach.<\/p>\n<p>&nbsp;<\/p>\n<h3>Dane Techniczne<\/h3>\n\n<table id=\"tablepress-462\" class=\"tablepress tablepress-id-462\">\n<tbody class=\"row-striping row-hover\">\n<tr class=\"row-1\">\n\t<td class=\"column-1\">Programmable FPGA<\/td><td class=\"column-2\">Xilinx multi-platform Virtex-5 (LXT or FXT)<\/td>\n<\/tr>\n<tr class=\"row-2\">\n\t<td class=\"column-1\">Input Clock<\/td><td class=\"column-2\">100 MHz<\/td>\n<\/tr>\n<tr class=\"row-3\">\n\t<td class=\"column-1\">Memory<\/td><td class=\"column-2\">128MB RAM, 8MB Flash<\/td>\n<\/tr>\n<tr class=\"row-4\">\n\t<td class=\"column-1\">I\/O<\/td><td class=\"column-2\">64 single ended signals or 32 LVDS pairs<\/td>\n<\/tr>\n<tr class=\"row-5\">\n\t<td class=\"column-1\">Serial<\/td><td class=\"column-2\">2x RS-485<\/td>\n<\/tr>\n<tr class=\"row-6\">\n\t<td class=\"column-1\">Ethernet<\/td><td class=\"column-2\">100Base-TX, 2 x 10Base-T<\/td>\n<\/tr>\n<tr class=\"row-7\">\n\t<td class=\"column-1\">Compatibility<\/td><td class=\"column-2\">PCI-104<\/td>\n<\/tr>\n<tr class=\"row-8\">\n\t<td class=\"column-1\">Operating Temperature<\/td><td class=\"column-2\">-40\u00b0C to +85\u00b0C (-40\u00b0F to +185\u00b0F)<\/td>\n<\/tr>\n<tr class=\"row-9\">\n\t<td class=\"column-1\">Humidity<\/td><td class=\"column-2\">95% non-condensing<\/td>\n<\/tr>\n<tr class=\"row-10\">\n\t<td class=\"column-1\">Operating System<\/td><td class=\"column-2\">QNX<\/td>\n<\/tr>\n<tr class=\"row-11\">\n\t<td class=\"column-1\">Power Requirements<\/td><td class=\"column-2\">+5V<\/td>\n<\/tr>\n<tr class=\"row-12\">\n\t<td class=\"column-1\">Dimensions<\/td><td class=\"column-2\">PC\/104 Compliant<\/td>\n<\/tr>\n<tr class=\"row-13\">\n\t<td class=\"column-1\">Connectors<\/td><td class=\"column-2\">2x RJ-45, Dual 2\u00d75 0.100\u201d headers (serial), One 1\u00d76 0.100\u201d header (flash programming), One 2\u00d740 0.050 x 0.100\u201d header (general I\/O)<\/td>\n<\/tr>\n<\/tbody>\n<\/table>\n<!-- #tablepress-462 from cache -->\n","protected":false},"excerpt":{"rendered":"<p>Connect Tech oferuje szerok\u0105 gam\u0119 komputer\u00f3w jednop\u0142ytkowych (SBC) z wieloma wbudowanymi procesorami, w tym: AMD, Cortex-A9, Intel\u00ae Atom &#x2122;, Freescale, Texas Instruments, NVIDIA i VIA.<\/p>\n","protected":false},"featured_media":10036,"template":"","meta":{"_acf_changed":false,"inline_featured_image":false,"_monsterinsights_skip_tracking":false,"_monsterinsights_sitenote_active":false,"_monsterinsights_sitenote_note":"","_monsterinsights_sitenote_category":0},"product_brand":[],"product_cat":[1472,1486],"product_tag":[],"class_list":{"0":"post-9879","1":"product","2":"type-product","3":"status-publish","4":"has-post-thumbnail","6":"product_cat-connect-tech-inc","7":"product_cat-single-board-computers","9":"first","10":"instock","11":"shipping-taxable","12":"product-type-simple"},"acf":[],"_links":{"self":[{"href":"https:\/\/quantum.com.pl\/pl\/wp-json\/wp\/v2\/product\/9879","targetHints":{"allow":["GET"]}}],"collection":[{"href":"https:\/\/quantum.com.pl\/pl\/wp-json\/wp\/v2\/product"}],"about":[{"href":"https:\/\/quantum.com.pl\/pl\/wp-json\/wp\/v2\/types\/product"}],"wp:featuredmedia":[{"embeddable":true,"href":"https:\/\/quantum.com.pl\/pl\/wp-json\/wp\/v2\/media\/10036"}],"wp:attachment":[{"href":"https:\/\/quantum.com.pl\/pl\/wp-json\/wp\/v2\/media?parent=9879"}],"wp:term":[{"taxonomy":"product_brand","embeddable":true,"href":"https:\/\/quantum.com.pl\/pl\/wp-json\/wp\/v2\/product_brand?post=9879"},{"taxonomy":"product_cat","embeddable":true,"href":"https:\/\/quantum.com.pl\/pl\/wp-json\/wp\/v2\/product_cat?post=9879"},{"taxonomy":"product_tag","embeddable":true,"href":"https:\/\/quantum.com.pl\/pl\/wp-json\/wp\/v2\/product_tag?post=9879"}],"curies":[{"name":"wp","href":"https:\/\/api.w.org\/{rel}","templated":true}]}}