{"id":9880,"date":"2020-04-20T22:44:51","date_gmt":"2020-04-20T20:44:51","guid":{"rendered":"https:\/\/quantum.com.pl\/product\/import-placeholder-for-8503\/"},"modified":"2020-12-09T16:54:26","modified_gmt":"2020-12-09T15:54:26","slug":"daughter-board","status":"publish","type":"product","link":"https:\/\/quantum.com.pl\/pl\/product\/daughter-board\/","title":{"rendered":"Daughter Board"},"content":{"rendered":"<h3>Najwa\u017cniejsze cechy<\/h3>\n<ul>\n<li>Integracja z uk\u0142adem FPGA FreeForm \/ 104 Xilinx Spartan-3E umo\u017cliwia projektowanie UART i dostosowywanie przechwytywania danych<\/li>\n<li>Dwa prze\u0142\u0105czane kana\u0142y RS-232, RS-422 lub RS-485, konfigurowalne tak, aby by\u0142y w pe\u0142ni synchroniczne lub asynchroniczne<\/li>\n<li>Przej\u015bciowe z\u0142\u0105cze PC \/ 104 pozwala na pod\u0142\u0105czenie p\u0142ytki dodatkowej do p\u0142yty g\u0142\u00f3wnej FreeForm \/ 104<\/li>\n<\/ul>\n<p>&nbsp;<\/p>\n<h3>Wi\u0119cej Informacji<\/h3>\n<p>Daughter Board to adapter do p\u0142ytki rozwojowej FreeForm \/ 104 FPGA firmy Connect Tech, kt\u00f3ra umo\u017cliwia u\u017cytkownikom przechwytywanie i przetwarzanie synchronicznych i asynchronicznych danych szeregowych RS-232 lub RS-485 \/ RS-422 za pomoc\u0105 konfigurowalnych implementacji FPGA.<\/p>\n<p>W po\u0142\u0105czeniu z p\u0142yt\u0105 rozwojow\u0105 FreeForm \/ 104 FPGA, p\u0142yta c\u00f3rka pozwala na \u0142atwe i szybkie zmiany projektu w czasie wykonywania, co czyni go idealnym do aplikacji wymagaj\u0105cych du\u017cej pr\u0119dko\u015bci, intensywnych oblicze\u0144 i mo\u017cliwo\u015bci rekonfiguracji.<\/p>\n<p>&nbsp;<\/p>\n<h3>Dane techniczne<\/h3>\n\n<table id=\"tablepress-459\" class=\"tablepress tablepress-id-459\">\n<tbody class=\"row-striping row-hover\">\n<tr class=\"row-1\">\n\t<td class=\"column-1\">Ports<\/td><td class=\"column-2\">2 ports<\/td>\n<\/tr>\n<tr class=\"row-2\">\n\t<td class=\"column-1\">Electrical Interfaces<\/td><td class=\"column-2\">Synchronous RS-232, RS-422, RS-485<\/td>\n<\/tr>\n<tr class=\"row-3\">\n\t<td class=\"column-1\">Control Signals<\/td><td class=\"column-2\">CTS, DCD, DTR, RTS, RxCl, RxD, TxClk, TxD<\/td>\n<\/tr>\n<tr class=\"row-4\">\n\t<td class=\"column-1\">Connectors<\/td><td class=\"column-2\">2\u00d726 pin header connectors (optional ribbon cables with female 26 pin IDC to female DB-25 connectors available, 2\u00d750 pin connector to connect to FreeForm, PC\/104 pass-through<\/td>\n<\/tr>\n<tr class=\"row-5\">\n\t<td class=\"column-1\">Baud Rate<\/td><td class=\"column-2\">RS-232: Up to 1 Mbps, RS-422\/RS-485: Up to 10 Mbps<\/td>\n<\/tr>\n<tr class=\"row-6\">\n\t<td class=\"column-1\">Dimensions<\/td><td class=\"column-2\">Length: 14.699 cm\/5.750\u201d \/ 9.5885 cm\/3.775\u201d Height: 11.049 cm\/4.350\u201d \/ 9.017 cm\/3.55\u201d<\/td>\n<\/tr>\n<tr class=\"row-7\">\n\t<td class=\"column-1\">Operating Temperature<\/td><td class=\"column-2\">0\u00b0C to +70\u00b0C (+32\u00b0F to +158\u00b0F)<\/td>\n<\/tr>\n<tr class=\"row-8\">\n\t<td class=\"column-1\">Bus<\/td><td class=\"column-2\">PC\/104<\/td>\n<\/tr>\n<tr class=\"row-9\">\n\t<td class=\"column-1\">Software Compatibility<\/td><td class=\"column-2\">Windows, Linux, QNX<\/td>\n<\/tr>\n<tr class=\"row-10\">\n\t<td class=\"column-1\">System Requirements<\/td><td class=\"column-2\">Varies by configuration<\/td>\n<\/tr>\n<tr class=\"row-11\">\n\t<td class=\"column-1\">Regulatory Approvals<\/td><td class=\"column-2\">FCC Class A<br \/>\nEN50082-2<br \/>\nICES-003 Class A<br \/>\nEN 55022 Class A<br \/>\nEN 55024<\/td>\n<\/tr>\n<\/tbody>\n<\/table>\n<!-- #tablepress-459 from cache -->\n","protected":false},"excerpt":{"rendered":"<p>Produkty FPGA firmy Connect Tech oparte s\u0105 na uk\u0142adach FPGA Xilinx Spartan-6, Spartan-3E, Virtex-6 lub Virtex-5. P\u0142ytki rozwojowe FPGA s\u0105 fabrycznie w pe\u0142ni wyposa\u017cone, co umo\u017cliwia komunikacj\u0119 poprzez magistral\u0119 PC \/ 104 lub PCI-104 z cz\u0119\u015bci\u0105 kontroln\u0105 i rejestruj\u0105c\u0105 urz\u0105dzenia FPGA.<\/p>\n","protected":false},"featured_media":10020,"template":"","meta":{"_acf_changed":false,"inline_featured_image":false,"_monsterinsights_skip_tracking":false,"_monsterinsights_sitenote_active":false,"_monsterinsights_sitenote_note":"","_monsterinsights_sitenote_category":0},"product_brand":[],"product_cat":[1472,1487],"product_tag":[],"class_list":{"0":"post-9880","1":"product","2":"type-product","3":"status-publish","4":"has-post-thumbnail","6":"product_cat-connect-tech-inc","7":"product_cat-fpga","9":"first","10":"instock","11":"shipping-taxable","12":"product-type-simple"},"acf":[],"_links":{"self":[{"href":"https:\/\/quantum.com.pl\/pl\/wp-json\/wp\/v2\/product\/9880","targetHints":{"allow":["GET"]}}],"collection":[{"href":"https:\/\/quantum.com.pl\/pl\/wp-json\/wp\/v2\/product"}],"about":[{"href":"https:\/\/quantum.com.pl\/pl\/wp-json\/wp\/v2\/types\/product"}],"wp:featuredmedia":[{"embeddable":true,"href":"https:\/\/quantum.com.pl\/pl\/wp-json\/wp\/v2\/media\/10020"}],"wp:attachment":[{"href":"https:\/\/quantum.com.pl\/pl\/wp-json\/wp\/v2\/media?parent=9880"}],"wp:term":[{"taxonomy":"product_brand","embeddable":true,"href":"https:\/\/quantum.com.pl\/pl\/wp-json\/wp\/v2\/product_brand?post=9880"},{"taxonomy":"product_cat","embeddable":true,"href":"https:\/\/quantum.com.pl\/pl\/wp-json\/wp\/v2\/product_cat?post=9880"},{"taxonomy":"product_tag","embeddable":true,"href":"https:\/\/quantum.com.pl\/pl\/wp-json\/wp\/v2\/product_tag?post=9880"}],"curies":[{"name":"wp","href":"https:\/\/api.w.org\/{rel}","templated":true}]}}