{"id":9881,"date":"2020-04-20T22:44:51","date_gmt":"2020-04-20T20:44:51","guid":{"rendered":"https:\/\/quantum.com.pl\/product\/import-placeholder-for-8511\/"},"modified":"2020-12-09T17:02:05","modified_gmt":"2020-12-09T16:02:05","slug":"freeform-104","status":"publish","type":"product","link":"https:\/\/quantum.com.pl\/pl\/product\/freeform-104\/","title":{"rendered":"FreeForm\/104"},"content":{"rendered":"<h3>Najwa\u017cniejsze cechy<\/h3>\n<ul>\n<li>Konfigurowalna p\u0142yta PC \/ 104 oparta na Xilinx Spartan 3E &#8211; 500 000 bram<\/li>\n<li>FPGA konfigurowalny przez JTAG lub SPI flash (4Mb)<\/li>\n<li>Programowalne w terenie dla projekt\u00f3w standardowych i niestandardowych<\/li>\n<li>Zewn\u0119trzne z\u0142\u0105cze zasilania 5 V do samodzielnego u\u017cytku<\/li>\n<li>Cztery konfigurowalne przez u\u017cytkownika diody LED i wbudowany prze\u0142\u0105cznik resetowania<\/li>\n<li>O\u015bmiopozycyjny prze\u0142\u0105cznik obrotowy pod\u0142\u0105czony do FPGA<\/li>\n<\/ul>\n<p>&nbsp;<\/p>\n<h3>Wi\u0119cej Informacji<\/h3>\n<p>FreeForm \/ 104 to p\u0142ytka rozwojowa FPGA oparta na PC \/ 104 do cyfrowych aplikacji we \/ wy i sterowania.<\/p>\n<p>Oparty na Xilinx Spartan-3E, FreeForm \/ 104 firmy Connect Tech zapewnia elastyczno\u015b\u0107 od pocz\u0105tku do ko\u0144ca, dzi\u0119ki czemu idealnie nadaje si\u0119 do szybkich, intensywnych obliczeniowo, rekonfigurowalnych aplikacji. Konfiguracja FPGA jest przechowywana w pami\u0119ci flash, umo\u017cliwiaj\u0105c u\u017cytkownikom \u0142atwe wprowadzanie zmian projektowych podczas programowania lub w terenie.<\/p>\n<p>Dostosowane konfiguracje FPGA mog\u0105 by\u0107 \u0142atwo opracowywane przez u\u017cytkownika za pomoc\u0105 bezp\u0142atnego oprogramowania Xilinx ISE WebPACK lub us\u0142ug in\u017cynieryjnych Connect Tech.<\/p>\n<p>Wszechstronno\u015b\u0107 i szybki rdze\u0144 przetwarzania FreeForm \/ 104 sprawia, \u017ce idealnie nadaje si\u0119 do aplikacji, w tym; DSP, zdefiniowane programowo radio, kosmonautyka, systemy obronne, emulacja sprz\u0119tu komputerowego, testy produkcyjne lub laboratoryjne oraz monitorowanie i kontrola proces\u00f3w przemys\u0142owych.<\/p>\n<p>&nbsp;<\/p>\n<h3>Dane Techniczne<\/h3>\n\n<table id=\"tablepress-460\" class=\"tablepress tablepress-id-460\">\n<tbody class=\"row-striping row-hover\">\n<tr class=\"row-1\">\n\t<td class=\"column-1\">Programmable FPGA<\/td><td class=\"column-2\">Xilinx Spartan-3E, 500,000 gates, 360K RAM<br \/>\nStandard FPGA Configurations:<br \/>\nDigital I\/O: 96 digital I\/O<br \/>\n(8255 compatible), 6 x 8254 counter\/timers<br \/>\nDigital I\/O Opto-22:<br \/>\n48 Opto-22 (8255 compatible,<br \/>\n6 x 8254 counter\/timers<\/td>\n<\/tr>\n<tr class=\"row-2\">\n\t<td class=\"column-1\">Input Clock<\/td><td class=\"column-2\">66 MHz, internally scaleable<\/td>\n<\/tr>\n<tr class=\"row-3\">\n\t<td class=\"column-1\">Memory<\/td><td class=\"column-2\">4 Mbit SPI Flash<\/td>\n<\/tr>\n<tr class=\"row-4\">\n\t<td class=\"column-1\">Connectors<\/td><td class=\"column-2\">1x 26 pin header, 2 x 50 pin header, PC\/104 header: fully bi-directional, configurable as a master or a slave, 8 bit I\/O, 12 address bits, all IRQs are connected, DMAs 0-3<\/td>\n<\/tr>\n<tr class=\"row-5\">\n\t<td class=\"column-1\">I\/O<\/td><td class=\"column-2\">6 TTL (26 pin connnector), 96 high current TTL\/CMOS (48 per 50 pin connector)<\/td>\n<\/tr>\n<tr class=\"row-6\">\n\t<td class=\"column-1\">Fixed I\/O<\/td><td class=\"column-2\">12 TTL inputs (26 pin connector)<\/td>\n<\/tr>\n<tr class=\"row-7\">\n\t<td class=\"column-1\">Interrupts<\/td><td class=\"column-2\">All PC\/104 interrupts are connected to the FPGA<\/td>\n<\/tr>\n<tr class=\"row-8\">\n\t<td class=\"column-1\">Compatibility<\/td><td class=\"column-2\">PCI-104<\/td>\n<\/tr>\n<tr class=\"row-9\">\n\t<td class=\"column-1\">Operating Temperature<\/td><td class=\"column-2\">Commercial: 0\u00b0C to +70\u00b0C (+32\u00b0F to +158\u00b0F), Industrial: -40\u00b0C to +85\u00b0C (-40\u00b0F to +185\u00b0F)<\/td>\n<\/tr>\n<tr class=\"row-10\">\n\t<td class=\"column-1\">Humidity<\/td><td class=\"column-2\">95% non-condensing<\/td>\n<\/tr>\n<tr class=\"row-11\">\n\t<td class=\"column-1\">Storage Temperature<\/td><td class=\"column-2\">-65\u00b0C to +150\u00b0C (-85\u00b0F to +302\u00b0F)<\/td>\n<\/tr>\n<tr class=\"row-12\">\n\t<td class=\"column-1\">Power Requirements<\/td><td class=\"column-2\">+5V, 0.75 W (0.150A@5V) average with standard design, 2.75 W (0.550A@5V) maximum with I\/O transfers at 10 Mbps<\/td>\n<\/tr>\n<tr class=\"row-13\">\n\t<td class=\"column-1\">Dimensions<\/td><td class=\"column-2\">PC\/104 Compliant<\/td>\n<\/tr>\n<tr class=\"row-14\">\n\t<td class=\"column-1\">Bus<\/td><td class=\"column-2\">PC\/104 compatible or stand alone<\/td>\n<\/tr>\n<\/tbody>\n<\/table>\n<!-- #tablepress-460 from cache -->\n","protected":false},"excerpt":{"rendered":"<p>Produkty FPGA firmy Connect Tech oparte s\u0105 na uk\u0142adach FPGA Xilinx Spartan-6, Spartan-3E, Virtex-6 lub Virtex-5. P\u0142ytki rozwojowe FPGA s\u0105 fabrycznie w pe\u0142ni wyposa\u017cone, co umo\u017cliwia komunikacj\u0119 poprzez magistral\u0119 PC \/ 104 lub PCI-104 z cz\u0119\u015bci\u0105 kontroln\u0105 i rejestruj\u0105c\u0105 urz\u0105dzenia FPGA.<\/p>\n","protected":false},"featured_media":10016,"template":"","meta":{"_acf_changed":false,"inline_featured_image":false,"_monsterinsights_skip_tracking":false,"_monsterinsights_sitenote_active":false,"_monsterinsights_sitenote_note":"","_monsterinsights_sitenote_category":0},"product_brand":[],"product_cat":[1472,1487],"product_tag":[],"class_list":{"0":"post-9881","1":"product","2":"type-product","3":"status-publish","4":"has-post-thumbnail","6":"product_cat-connect-tech-inc","7":"product_cat-fpga","9":"first","10":"instock","11":"shipping-taxable","12":"product-type-simple"},"acf":[],"_links":{"self":[{"href":"https:\/\/quantum.com.pl\/pl\/wp-json\/wp\/v2\/product\/9881","targetHints":{"allow":["GET"]}}],"collection":[{"href":"https:\/\/quantum.com.pl\/pl\/wp-json\/wp\/v2\/product"}],"about":[{"href":"https:\/\/quantum.com.pl\/pl\/wp-json\/wp\/v2\/types\/product"}],"wp:featuredmedia":[{"embeddable":true,"href":"https:\/\/quantum.com.pl\/pl\/wp-json\/wp\/v2\/media\/10016"}],"wp:attachment":[{"href":"https:\/\/quantum.com.pl\/pl\/wp-json\/wp\/v2\/media?parent=9881"}],"wp:term":[{"taxonomy":"product_brand","embeddable":true,"href":"https:\/\/quantum.com.pl\/pl\/wp-json\/wp\/v2\/product_brand?post=9881"},{"taxonomy":"product_cat","embeddable":true,"href":"https:\/\/quantum.com.pl\/pl\/wp-json\/wp\/v2\/product_cat?post=9881"},{"taxonomy":"product_tag","embeddable":true,"href":"https:\/\/quantum.com.pl\/pl\/wp-json\/wp\/v2\/product_tag?post=9881"}],"curies":[{"name":"wp","href":"https:\/\/api.w.org\/{rel}","templated":true}]}}