{"id":9882,"date":"2020-04-20T22:44:51","date_gmt":"2020-04-20T20:44:51","guid":{"rendered":"https:\/\/quantum.com.pl\/product\/import-placeholder-for-8518\/"},"modified":"2020-12-09T17:04:20","modified_gmt":"2020-12-09T16:04:20","slug":"freeform-express-s6","status":"publish","type":"product","link":"https:\/\/quantum.com.pl\/pl\/product\/freeform-express-s6\/","title":{"rendered":"FreeForm\/Express S6"},"content":{"rendered":"<h3>Najwa\u017cniejsze cechy<\/h3>\n<ul>\n<li>Spartan-6 LX45T FPGA<\/li>\n<li>Wsp\u00f3\u0142czynnik kszta\u0142tu PCIe x1<\/li>\n<li>128 MB pami\u0119ci DDR3<\/li>\n<li>Z\u0142\u0105cze FMC o niskiej liczbie pin\u00f3w<\/li>\n<li>2x porty Ethernet 10\/100\/1000<\/li>\n<li>1x port RS-232<\/li>\n<li>Flash do przechowywania kodu osadzonego<\/li>\n<li>Debugowanie JTAG<\/li>\n<li>Temperatura przemys\u0142owa<\/li>\n<\/ul>\n<p>&nbsp;<\/p>\n<h3>Wi\u0119cej Informacji<\/h3>\n<p>FreeForm \/ Express S6 firmy Connect Tech to konfigurowalna platforma obliczeniowa oparta na FPGA Xilinx Spartan-6 ze zintegrowanymi blokami PCI Express\u00ae, zaawansowan\u0105 obs\u0142ug\u0105 pami\u0119ci i transceiverami o niskiej mocy 3,125 Gb \/ s. P\u0142ytka rozwojowa FreeForm \/ Express S6 FPGA zawiera standardowe z\u0142\u0105cze FPGA Mezzanine Card (FMC), kt\u00f3re zapewnia elastyczny interfejs I \/ O do przysz\u0142ego skalowania i dostosowywania. Przepustowo\u015b\u0107 magistrali PCIe zapewnia szybk\u0105 komunikacj\u0119 mi\u0119dzy systemem hosta a interfejsami aplikacji.<\/p>\n<p>Szeroka gama dost\u0119pnych modu\u0142\u00f3w FMC dodaje interfejsy, takie jak ADC i cyfrowe wideo, co czyni FreeForm \/ Express S6 bardzo wszechstronn\u0105 platform\u0105 do rozwoju systemu. Idealnie nadaje si\u0119 do aplikacji wymagaj\u0105cych zar\u00f3wno prototypowania, jak i wdra\u017cania w terenie, w tym akwizycji danych w czasie rzeczywistym, wysokowydajnego przetwarzania wideo i radia programowego. FreeForm \/ Express S6 jest zoptymalizowany pod k\u0105tem wbudowanych procesor\u00f3w, wspieraj\u0105c programowanie w MicroBlaze Xilinx.<\/p>\n<p>Skorzystaj z us\u0142ug in\u017cynieryjnych Connect Tech do projektowania FPGA i rozwoju oprogramowania \/ sterownik\u00f3w.<\/p>\n<p>&nbsp;<\/p>\n<h3>Dane Techniczne<\/h3>\n\n<table id=\"tablepress-461\" class=\"tablepress tablepress-id-461\">\n<tbody class=\"row-striping row-hover\">\n<tr class=\"row-1\">\n\t<td class=\"column-1\">Compatibility<\/td><td class=\"column-2\">PCIe\/104<\/td>\n<\/tr>\n<tr class=\"row-2\">\n\t<td class=\"column-1\">FPGA<\/td><td class=\"column-2\">Xilinx Spartan-6 LX45<\/td>\n<\/tr>\n<tr class=\"row-3\">\n\t<td class=\"column-1\">Bus<\/td><td class=\"column-2\">Spartan-6 PCIe Gen 1 endpoint<\/td>\n<\/tr>\n<tr class=\"row-4\">\n\t<td class=\"column-1\">FPGA Mezzanine Card<\/td><td class=\"column-2\">1x low pin count FPGA Mezzanine Card (LPC FMC)<br \/>\n36 LVDS pairs, 1 rocket I\/O channel, I2C interface<\/td>\n<\/tr>\n<tr class=\"row-5\">\n\t<td class=\"column-1\">Memory<\/td><td class=\"column-2\">128MB RAM, 2MB flash for embedded code storage, 4MB flash for FPGA configuration<\/td>\n<\/tr>\n<tr class=\"row-6\">\n\t<td class=\"column-1\">Ethernet<\/td><td class=\"column-2\">2x Gigabit (10\/100\/1000) Ports<\/td>\n<\/tr>\n<tr class=\"row-7\">\n\t<td class=\"column-1\">Serial<\/td><td class=\"column-2\">1x RS-232<\/td>\n<\/tr>\n<tr class=\"row-8\">\n\t<td class=\"column-1\">Programming<\/td><td class=\"column-2\">JTAG test and programming chain<\/td>\n<\/tr>\n<tr class=\"row-9\">\n\t<td class=\"column-1\">Operating Temperature<\/td><td class=\"column-2\">-40\u00b0C to +85\u00b0C (-40\u00b0F to +185\u00b0F)<\/td>\n<\/tr>\n<tr class=\"row-10\">\n\t<td class=\"column-1\">Power Requirements<\/td><td class=\"column-2\">+12V DC Input Only (DC Barrel), +3.3V DC<\/td>\n<\/tr>\n<tr class=\"row-11\">\n\t<td class=\"column-1\">Dimensions<\/td><td class=\"column-2\">Height: 4.4\u201d Length: 6.6\u201d<\/td>\n<\/tr>\n<\/tbody>\n<\/table>\n<!-- #tablepress-461 from cache -->\n","protected":false},"excerpt":{"rendered":"<p>Produkty FPGA firmy Connect Tech oparte s\u0105 na uk\u0142adach FPGA Xilinx Spartan-6, Spartan-3E, Virtex-6 lub Virtex-5. P\u0142ytki rozwojowe FPGA s\u0105 fabrycznie w pe\u0142ni wyposa\u017cone, co umo\u017cliwia komunikacj\u0119 poprzez magistral\u0119 PC \/ 104 lub PCI-104 z cz\u0119\u015bci\u0105 kontroln\u0105 i rejestruj\u0105c\u0105 urz\u0105dzenia FPGA.<\/p>\n","protected":false},"featured_media":10014,"template":"","meta":{"_acf_changed":false,"inline_featured_image":false,"_monsterinsights_skip_tracking":false,"_monsterinsights_sitenote_active":false,"_monsterinsights_sitenote_note":"","_monsterinsights_sitenote_category":0},"product_brand":[],"product_cat":[1472,1487],"product_tag":[],"class_list":{"0":"post-9882","1":"product","2":"type-product","3":"status-publish","4":"has-post-thumbnail","6":"product_cat-connect-tech-inc","7":"product_cat-fpga","9":"first","10":"instock","11":"shipping-taxable","12":"product-type-simple"},"acf":[],"_links":{"self":[{"href":"https:\/\/quantum.com.pl\/pl\/wp-json\/wp\/v2\/product\/9882","targetHints":{"allow":["GET"]}}],"collection":[{"href":"https:\/\/quantum.com.pl\/pl\/wp-json\/wp\/v2\/product"}],"about":[{"href":"https:\/\/quantum.com.pl\/pl\/wp-json\/wp\/v2\/types\/product"}],"wp:featuredmedia":[{"embeddable":true,"href":"https:\/\/quantum.com.pl\/pl\/wp-json\/wp\/v2\/media\/10014"}],"wp:attachment":[{"href":"https:\/\/quantum.com.pl\/pl\/wp-json\/wp\/v2\/media?parent=9882"}],"wp:term":[{"taxonomy":"product_brand","embeddable":true,"href":"https:\/\/quantum.com.pl\/pl\/wp-json\/wp\/v2\/product_brand?post=9882"},{"taxonomy":"product_cat","embeddable":true,"href":"https:\/\/quantum.com.pl\/pl\/wp-json\/wp\/v2\/product_cat?post=9882"},{"taxonomy":"product_tag","embeddable":true,"href":"https:\/\/quantum.com.pl\/pl\/wp-json\/wp\/v2\/product_tag?post=9882"}],"curies":[{"name":"wp","href":"https:\/\/api.w.org\/{rel}","templated":true}]}}