{"id":9883,"date":"2020-04-20T22:44:51","date_gmt":"2020-04-20T20:44:51","guid":{"rendered":"https:\/\/quantum.com.pl\/product\/import-placeholder-for-8525\/"},"modified":"2020-12-09T17:08:22","modified_gmt":"2020-12-09T16:08:22","slug":"freeform-pci-104","status":"publish","type":"product","link":"https:\/\/quantum.com.pl\/pl\/product\/freeform-pci-104\/","title":{"rendered":"FreeForm\/PCI-104"},"content":{"rendered":"<h3>Najwa\u017cniejsze cechy<\/h3>\n<ul>\n<li>Zaprojektowany z wykorzystaniem wieloplatformowej uk\u0142ady FPGA Virtex-5 Xilinx<\/li>\n<li>8 MB Flash do przechowywania kodu osadzonego<\/li>\n<li>128 MB pami\u0119ci DDR2-400<\/li>\n<li>Szybkie cyfrowe we \/ wy &#8211; 64 pojedyncze ko\u0144ce lub 32 pary LVDS<\/li>\n<li>2 x 10Base-T, 100Base-TX Ethernet<\/li>\n<li>2 x interfejs szeregowy RS-485<\/li>\n<li>Zaprojektowany do wbudowanego przetwarzania przy u\u017cyciu MicroBlazeTM<\/li>\n<li>Opcja wbudowanego procesora PowerPC 440<\/li>\n<\/ul>\n<p>&nbsp;<\/p>\n<h3 data-fontsize=\"16\" data-lineheight=\"24\">Opcje Virtex-5 FPGA<\/h3>\n<p><img decoding=\"async\" src=\"http:\/\/www.connecttech.com\/images\/Virtex5_FPGA_web.jpg\" alt=\"FreeForm\/PCI-104 FPGA Development Board with Xilinx Virtex-5 FPGA\" \/><\/p>\n<p>P\u0142ytka rozwojowa FreeForm \/ PCI-104 FPGA firmy Connect Tech z szybkimi cyfrowymi wej\u015bciami \/ wyj\u015bciami oferuje opcje Virtex-5 FPGA, w tym LX30T FPGA, LX50T FPGA i FX30T FPGA<\/p>\n<p>&nbsp;<\/p>\n<h3>Wi\u0119cej Informacji<\/h3>\n<p>FreeForm \/ PCI-104 to konfigurowalna p\u0142ytka rozwojowa FPGA z szybkim cyfrowym wej\u015bciem \/ wyj\u015bciem, kt\u00f3ra \u0142\u0105czy programowalny uk\u0142ad FPGA z 32-bitowym interfejsem PCI-104 33 MHz. Zalety wysokiej przepustowo\u015bci PCI-104 wraz z wszechstronn\u0105 architektur\u0105 FPGA pozwalaj\u0105 u\u017cytkownikom stworzy\u0107 szybki interfejs danych i rozwi\u0105zanie kontrolne, kt\u00f3re jest specjalnie dostosowane do ka\u017cdej aplikacji.<\/p>\n<p>Oparty na Xilinx Virtex-5 FPGA, FreeForm \/ PCI-104 firmy Connect Tech jest bardzo wszechstronny i stanowi pot\u0119\u017cn\u0105 platform\u0119 do rozwoju systemu. Idealny do akwizycji danych w czasie rzeczywistym, przetwarzania sygna\u0142\u00f3w o wysokiej wydajno\u015bci, awioniki, autonomicznych pojazd\u00f3w i radiotelefon\u00f3w, FreeForm \/ PCI-104 jest idealny do projektowania system\u00f3w wbudowanych, gdy jest u\u017cywany wraz z wbudowanym procesorem hosta.<\/p>\n<p>Skorzystaj z us\u0142ug in\u017cynieryjnych Connect Tech w zakresie FPGA i szybkiego projektowania cyfrowych we \/ wy oraz opracowywania oprogramowania \/ sterownik\u00f3w.<\/p>\n<p>&nbsp;<\/p>\n<h3>Dane Techniczne<\/h3>\n\n<table id=\"tablepress-462\" class=\"tablepress tablepress-id-462\">\n<tbody class=\"row-striping row-hover\">\n<tr class=\"row-1\">\n\t<td class=\"column-1\">Programmable FPGA<\/td><td class=\"column-2\">Xilinx multi-platform Virtex-5 (LXT or FXT)<\/td>\n<\/tr>\n<tr class=\"row-2\">\n\t<td class=\"column-1\">Input Clock<\/td><td class=\"column-2\">100 MHz<\/td>\n<\/tr>\n<tr class=\"row-3\">\n\t<td class=\"column-1\">Memory<\/td><td class=\"column-2\">128MB RAM, 8MB Flash<\/td>\n<\/tr>\n<tr class=\"row-4\">\n\t<td class=\"column-1\">I\/O<\/td><td class=\"column-2\">64 single ended signals or 32 LVDS pairs<\/td>\n<\/tr>\n<tr class=\"row-5\">\n\t<td class=\"column-1\">Serial<\/td><td class=\"column-2\">2x RS-485<\/td>\n<\/tr>\n<tr class=\"row-6\">\n\t<td class=\"column-1\">Ethernet<\/td><td class=\"column-2\">100Base-TX, 2 x 10Base-T<\/td>\n<\/tr>\n<tr class=\"row-7\">\n\t<td class=\"column-1\">Compatibility<\/td><td class=\"column-2\">PCI-104<\/td>\n<\/tr>\n<tr class=\"row-8\">\n\t<td class=\"column-1\">Operating Temperature<\/td><td class=\"column-2\">-40\u00b0C to +85\u00b0C (-40\u00b0F to +185\u00b0F)<\/td>\n<\/tr>\n<tr class=\"row-9\">\n\t<td class=\"column-1\">Humidity<\/td><td class=\"column-2\">95% non-condensing<\/td>\n<\/tr>\n<tr class=\"row-10\">\n\t<td class=\"column-1\">Operating System<\/td><td class=\"column-2\">QNX<\/td>\n<\/tr>\n<tr class=\"row-11\">\n\t<td class=\"column-1\">Power Requirements<\/td><td class=\"column-2\">+5V<\/td>\n<\/tr>\n<tr class=\"row-12\">\n\t<td class=\"column-1\">Dimensions<\/td><td class=\"column-2\">PC\/104 Compliant<\/td>\n<\/tr>\n<tr class=\"row-13\">\n\t<td class=\"column-1\">Connectors<\/td><td class=\"column-2\">2x RJ-45, Dual 2\u00d75 0.100\u201d headers (serial), One 1\u00d76 0.100\u201d header (flash programming), One 2\u00d740 0.050 x 0.100\u201d header (general I\/O)<\/td>\n<\/tr>\n<\/tbody>\n<\/table>\n<!-- #tablepress-462 from cache -->\n","protected":false},"excerpt":{"rendered":"<p>Produkty FPGA firmy Connect Tech oparte s\u0105 na uk\u0142adach FPGA Xilinx Spartan-6, Spartan-3E, Virtex-6 lub Virtex-5. P\u0142ytki rozwojowe FPGA s\u0105 fabrycznie w pe\u0142ni wyposa\u017cone, co umo\u017cliwia komunikacj\u0119 poprzez magistral\u0119 PC \/ 104 lub PCI-104 z cz\u0119\u015bci\u0105 kontroln\u0105 i rejestruj\u0105c\u0105 urz\u0105dzenia FPGA.<\/p>\n","protected":false},"featured_media":10023,"template":"","meta":{"_acf_changed":false,"inline_featured_image":false,"_monsterinsights_skip_tracking":false,"_monsterinsights_sitenote_active":false,"_monsterinsights_sitenote_note":"","_monsterinsights_sitenote_category":0},"product_brand":[],"product_cat":[1472,1487],"product_tag":[],"class_list":{"0":"post-9883","1":"product","2":"type-product","3":"status-publish","4":"has-post-thumbnail","6":"product_cat-connect-tech-inc","7":"product_cat-fpga","9":"first","10":"instock","11":"shipping-taxable","12":"product-type-simple"},"acf":[],"_links":{"self":[{"href":"https:\/\/quantum.com.pl\/pl\/wp-json\/wp\/v2\/product\/9883","targetHints":{"allow":["GET"]}}],"collection":[{"href":"https:\/\/quantum.com.pl\/pl\/wp-json\/wp\/v2\/product"}],"about":[{"href":"https:\/\/quantum.com.pl\/pl\/wp-json\/wp\/v2\/types\/product"}],"wp:featuredmedia":[{"embeddable":true,"href":"https:\/\/quantum.com.pl\/pl\/wp-json\/wp\/v2\/media\/10023"}],"wp:attachment":[{"href":"https:\/\/quantum.com.pl\/pl\/wp-json\/wp\/v2\/media?parent=9883"}],"wp:term":[{"taxonomy":"product_brand","embeddable":true,"href":"https:\/\/quantum.com.pl\/pl\/wp-json\/wp\/v2\/product_brand?post=9883"},{"taxonomy":"product_cat","embeddable":true,"href":"https:\/\/quantum.com.pl\/pl\/wp-json\/wp\/v2\/product_cat?post=9883"},{"taxonomy":"product_tag","embeddable":true,"href":"https:\/\/quantum.com.pl\/pl\/wp-json\/wp\/v2\/product_tag?post=9883"}],"curies":[{"name":"wp","href":"https:\/\/api.w.org\/{rel}","templated":true}]}}