{"id":9885,"date":"2020-04-20T22:44:51","date_gmt":"2020-04-20T20:44:51","guid":{"rendered":"https:\/\/quantum.com.pl\/product\/import-placeholder-for-8539\/"},"modified":"2020-08-25T22:37:22","modified_gmt":"2020-08-25T20:37:22","slug":"cogswell-vision-system-powered-by-nvidia-jetson-tx2-tx1","status":"publish","type":"product","link":"https:\/\/quantum.com.pl\/pl\/product\/cogswell-vision-system-powered-by-nvidia-jetson-tx2-tx1\/","title":{"rendered":"Cogswell Vision System, Powered by NVIDIA\u00ae Jetson&#x2122; TX2\/TX1"},"content":{"rendered":"<h3>Najwa\u017cniejsze cechy<\/h3>\n<ul>\n<li>Specjalnie zaprojektowany do u\u017cytku z kamerami GigE Vision<\/li>\n<li>5 kana\u0142\u00f3w Gigabit Ethernet &#8211; 4 porty PoE, 2 porty PoE + PSE Gigabit<\/li>\n<li>Wymagane jest tylko jedno wej\u015bcie + 12V; Nie wymaga zewn\u0119trznego zasilania PoE 48 V.<\/li>\n<li>1 x USB 3.0, 1x USB 2.0, 1x USB OTG, 2x RS-232, 1x miniPCIe, 1x mSATA<\/li>\n<li>Rozszerzony zakres temperatur od -20 \u00b0 C do + 80 \u00b0 C<\/li>\n<li>Opcja monta\u017cu (Surface Edge Mount)<\/li>\n<\/ul>\n<p>&nbsp;<\/p>\n<h3>Wi\u0119cej informacji<\/h3>\n<p>System Cogswell Vision firmy Connect Tech jest zasilany przez NVIDIA\u00ae Jetson &#x2122;. System jest wst\u0119pnie zintegrowany z superkomputerem-modu\u0142em NVIDIA\u00ae Jetson &#x2122; TX2 lub Jetson &#x2122; TX1, zapewniaj\u0105c 256 rdzeni CUDA\u00ae w architekturze NVIDIA\u00ae Pascal &#x2122; lub Maxwell &#x2122;. System wizyjny Cogswell jest dost\u0119pny w czarnej anodowanej metalowej obudowie, bez wentylatora i bez kabli.<\/p>\n<p>Ten system jest idealny do zastosowa\u0144 Machine Vision, umo\u017cliwiaj\u0105c pod\u0142\u0105czenie do 5 kamer Gigabit Ethernet, z kt\u00f3rych 4 mog\u0105 by\u0107 zasilane z pok\u0142adowego Power over Ethernet. System ten jest r\u00f3wnie\u017c wyposa\u017cony w rozszerzenia USB 3.0, USB 2.0, USB OTG, RS-232, miniPCIe i mSATA.<\/p>\n<p>&nbsp;<\/p>\n<h3>Dane Techniczne<\/h3>\n[table \u201c468\u201d not found \/]<br \/>\n\n","protected":false},"excerpt":{"rendered":"<p>Wspierany przez ponad 30 lat dzia\u0142alno\u015bci, Connect Tech zdoby\u0142 solidn\u0105 reputacj\u0119 fachowej wiedzy w zakresie \u015bwiadczenia us\u0142ug projektowania in\u017cynierskiego, zapewniania niezr\u00f3wnanego wsparcia technicznego i opracowywania innowacyjnych produkt\u00f3w dla aplikacji wbudowanych. Connect Tech ma zaszczyt przedstawi\u0107 ekscytuj\u0105c\u0105 rodzin\u0119 produkt\u00f3w oferuj\u0105cych wytrzyma\u0142e rozwi\u0105zania dla ma\u0142ych obud\u00f3w dla modu\u0142\u00f3w NVIDIA\u00ae Jetson &#x2122; TX2, TX2i, TX2 4GB i Jetson &#x2122; TX1, a tak\u017ce us\u0142ugi projektowania niestandardowego.<\/p>\n","protected":false},"featured_media":10048,"template":"","meta":{"_acf_changed":false,"inline_featured_image":false,"_monsterinsights_skip_tracking":false,"_monsterinsights_sitenote_active":false,"_monsterinsights_sitenote_note":"","_monsterinsights_sitenote_category":0},"product_brand":[],"product_cat":[1472,1488,1585,1478],"product_tag":[],"class_list":{"0":"post-9885","1":"product","2":"type-product","3":"status-publish","4":"has-post-thumbnail","6":"product_cat-connect-tech-inc","7":"product_cat-embedded-systems","8":"product_cat-komputery-kompatkowe-boxpc","9":"product_cat-nvidia-jetson-tx2-tx1","11":"first","12":"instock","13":"shipping-taxable","14":"product-type-simple"},"acf":[],"_links":{"self":[{"href":"https:\/\/quantum.com.pl\/pl\/wp-json\/wp\/v2\/product\/9885","targetHints":{"allow":["GET"]}}],"collection":[{"href":"https:\/\/quantum.com.pl\/pl\/wp-json\/wp\/v2\/product"}],"about":[{"href":"https:\/\/quantum.com.pl\/pl\/wp-json\/wp\/v2\/types\/product"}],"wp:featuredmedia":[{"embeddable":true,"href":"https:\/\/quantum.com.pl\/pl\/wp-json\/wp\/v2\/media\/10048"}],"wp:attachment":[{"href":"https:\/\/quantum.com.pl\/pl\/wp-json\/wp\/v2\/media?parent=9885"}],"wp:term":[{"taxonomy":"product_brand","embeddable":true,"href":"https:\/\/quantum.com.pl\/pl\/wp-json\/wp\/v2\/product_brand?post=9885"},{"taxonomy":"product_cat","embeddable":true,"href":"https:\/\/quantum.com.pl\/pl\/wp-json\/wp\/v2\/product_cat?post=9885"},{"taxonomy":"product_tag","embeddable":true,"href":"https:\/\/quantum.com.pl\/pl\/wp-json\/wp\/v2\/product_tag?post=9885"}],"curies":[{"name":"wp","href":"https:\/\/api.w.org\/{rel}","templated":true}]}}