{"id":9886,"date":"2020-04-20T22:44:51","date_gmt":"2020-04-20T20:44:51","guid":{"rendered":"https:\/\/quantum.com.pl\/product\/import-placeholder-for-8546\/"},"modified":"2020-08-25T22:37:23","modified_gmt":"2020-08-25T20:37:23","slug":"rudi-embedded-system-with-nvidia-jetson-tx2-or-tx1","status":"publish","type":"product","link":"https:\/\/quantum.com.pl\/pl\/product\/rudi-embedded-system-with-nvidia-jetson-tx2-or-tx1\/","title":{"rendered":"Rudi Embedded System with NVIDIA\u00ae Jetson&#x2122; TX2 or TX1"},"content":{"rendered":"<h3>Najwa\u017cniejsze cechy<\/h3>\n<ul>\n<li>1 TFLOP \/ s, 256 rdzeni CUDA z architektur\u0105 GPU NVIDIA\u00ae Pascal &#x2122; lub Maxwell &#x2122;<\/li>\n<li>Niezwykle ma\u0142y rozmiar 135 mm x 50 mm x 105 mm<\/li>\n<li>USB 3.0, USB 2.0, CAN 2.0b, USB OTG, RS-232, I2C, GPIO, WiFi, Bluetooth<\/li>\n<li>1 x gniazdo miniPCIe ze z\u0142\u0105czem PCIe i USB<\/li>\n<li>Opcja monta\u017cu (Surface Edge Mount)<\/li>\n<li>Zakres temperatury roboczej -20 \u00b0 C do + 80 \u00b0 C<\/li>\n<\/ul>\n<p>&nbsp;<\/p>\n<h3>Wi\u0119cej Informacji<\/h3>\n<p>Wbudowany system Rudi firmy Connect Tech ma du\u017c\u0105 moc w niewielkiej obudowie. Rudi jest wst\u0119pnie zintegrowany z superkomputerem na module NVIDIA\u00ae Jetson &#x2122; TX2 \/ TX1, zapewniaj\u0105c 256 rdzeni CUDA\u00ae w architekturze NVIDIA Pascal &#x2122; lub Maxwell &#x2122;.<\/p>\n<p>System ma 4 GB pami\u0119ci LPDDR4 (TX1) lub 8 GB pami\u0119ci LPDDR4 (TX2), dekodowanie \/ kodowanie wideo 4K, WiFi, Bluetooth, USB 3.0, CAN 2.0b, USB 2.0 oraz rozszerzenie mSATA i miniPCIe. Zawiera 1 x gniazdo miniPCIe ze z\u0142\u0105czem PCIe i USB (opcje przechwytywania wideo 3G \/ HD-SDI, przechwytywania wideo analogowego, modu\u0142u kom\u00f3rkowego, modu\u0142u GPS, dodatkowy Ethernet, ADC, DAC, dodatkowe porty RS-232\/485, dodatkowe GPIO). Ten niewielki wbudowany system jest idealny do zastosowa\u0144 zwi\u0105zanych z komputerow\u0105 wizj\u0105 i g\u0142\u0119bokim uczeniem si\u0119.<\/p>\n<p>&nbsp;<\/p>\n<h3>Dane Techniczne<\/h3>\n[table \u201c469\u201d not found \/]<br \/>\n\n","protected":false},"excerpt":{"rendered":"<p>Wspierany przez ponad 30 lat dzia\u0142alno\u015bci, Connect Tech zdoby\u0142 solidn\u0105 reputacj\u0119 fachowej wiedzy w zakresie \u015bwiadczenia us\u0142ug projektowania in\u017cynierskiego, zapewniania niezr\u00f3wnanego wsparcia technicznego i opracowywania innowacyjnych produkt\u00f3w dla aplikacji wbudowanych. Connect Tech ma zaszczyt przedstawi\u0107 ekscytuj\u0105c\u0105 rodzin\u0119 produkt\u00f3w oferuj\u0105cych wytrzyma\u0142e rozwi\u0105zania dla ma\u0142ych obud\u00f3w dla modu\u0142\u00f3w NVIDIA\u00ae Jetson &#x2122; TX2, TX2i, TX2 4GB i Jetson &#x2122; TX1, a tak\u017ce us\u0142ugi projektowania niestandardowego.<\/p>\n","protected":false},"featured_media":10055,"template":"","meta":{"_acf_changed":false,"inline_featured_image":false,"_monsterinsights_skip_tracking":false,"_monsterinsights_sitenote_active":false,"_monsterinsights_sitenote_note":"","_monsterinsights_sitenote_category":0},"product_brand":[],"product_cat":[1472,1488,1585,1478],"product_tag":[],"class_list":{"0":"post-9886","1":"product","2":"type-product","3":"status-publish","4":"has-post-thumbnail","6":"product_cat-connect-tech-inc","7":"product_cat-embedded-systems","8":"product_cat-komputery-kompatkowe-boxpc","9":"product_cat-nvidia-jetson-tx2-tx1","11":"first","12":"instock","13":"shipping-taxable","14":"product-type-simple"},"acf":[],"_links":{"self":[{"href":"https:\/\/quantum.com.pl\/pl\/wp-json\/wp\/v2\/product\/9886","targetHints":{"allow":["GET"]}}],"collection":[{"href":"https:\/\/quantum.com.pl\/pl\/wp-json\/wp\/v2\/product"}],"about":[{"href":"https:\/\/quantum.com.pl\/pl\/wp-json\/wp\/v2\/types\/product"}],"wp:featuredmedia":[{"embeddable":true,"href":"https:\/\/quantum.com.pl\/pl\/wp-json\/wp\/v2\/media\/10055"}],"wp:attachment":[{"href":"https:\/\/quantum.com.pl\/pl\/wp-json\/wp\/v2\/media?parent=9886"}],"wp:term":[{"taxonomy":"product_brand","embeddable":true,"href":"https:\/\/quantum.com.pl\/pl\/wp-json\/wp\/v2\/product_brand?post=9886"},{"taxonomy":"product_cat","embeddable":true,"href":"https:\/\/quantum.com.pl\/pl\/wp-json\/wp\/v2\/product_cat?post=9886"},{"taxonomy":"product_tag","embeddable":true,"href":"https:\/\/quantum.com.pl\/pl\/wp-json\/wp\/v2\/product_tag?post=9886"}],"curies":[{"name":"wp","href":"https:\/\/api.w.org\/{rel}","templated":true}]}}