{"id":9887,"date":"2020-04-20T22:44:52","date_gmt":"2020-04-20T20:44:52","guid":{"rendered":"https:\/\/quantum.com.pl\/product\/import-placeholder-for-8553\/"},"modified":"2020-08-25T22:37:22","modified_gmt":"2020-08-25T20:37:22","slug":"rosie-embedded-system-with-nvidia-jetson-tx2-tx2i-tx1","status":"publish","type":"product","link":"https:\/\/quantum.com.pl\/pl\/product\/rosie-embedded-system-with-nvidia-jetson-tx2-tx2i-tx1\/","title":{"rendered":"Rosie Embedded System with NVIDIA\u00ae Jetson&#x2122; TX2\/TX2i\/TX1"},"content":{"rendered":"<h3>Najwa\u017cniejsze cechy<\/h3>\n<ul>\n<li>163,6 mm x 108,0 mm x 96,3 mm (6,438 \u2033 x 4,250 \u2033 x 3,790 \u2033)<\/li>\n<li>1x HDMI, 2x GbE, 2x USB 2.0, IEEE 802.11 ac, 1x RS-232<\/li>\n<li>Pob\u00f3r mocy od + 9 V do + 36 V.<\/li>\n<li>Zaprojektowany zgodnie z MIL-STD 810g i DO-160G na wstrz\u0105sy i wibracje<\/li>\n<li>Zaprojektowany do stopnia ochrony IP68<\/li>\n<li>Rozszerzony zakres temperatur od -20 \u00b0 C do + 80 \u00b0 C<\/li>\n<\/ul>\n<p>&nbsp;<\/p>\n<h3>Wi\u0119cej Informacji<\/h3>\n<p>Rosie firmy Connect Tech to niewielki, wytrzyma\u0142y system osadzony oparty na NVIDIA\u00ae Jetson &#x2122; TX2 \/ TX2i \/ TX1.<\/p>\n<p>Rosie mie\u015bci si\u0119 w wytrzyma\u0142ej kompaktowej obudowie z opcjonalnymi wspornikami monta\u017cowymi, a jej rewolucyjna architektura NVIDIA Pascal &#x2122; lub Maxwell &#x2122; z 256 rdzeniami CUDA zapewnia ponad 1 wydajno\u015b\u0107 TeraFLOP z 64-bitowym procesorem ARM A57.<\/p>\n<p>Wytrzyma\u0142y system Rosie zapewnia r\u00f3wnie\u017c USB, HDMI, Gigabit Ethernet, WiFi i Bluetooth, wszystkie z ochron\u0105 Ingress o stopniu ochrony IP68. Niestandardowe p\u0142yty czo\u0142owe mo\u017cna \u0142atwo dostosowa\u0107 za pomoc\u0105 us\u0142ug projektowych Connect Tech. Rosie zosta\u0142a zaprojektowana do pracy w trudnych warunkach MIL-STD 810g i DO-160G.<\/p>\n<p>&nbsp;<\/p>\n<h3>Dane Techniczne<\/h3>\n[table \u201c470\u201d not found \/]<br \/>\n\n","protected":false},"excerpt":{"rendered":"<p>Wspierany przez ponad 30 lat dzia\u0142alno\u015bci, Connect Tech zdoby\u0142 solidn\u0105 reputacj\u0119 fachowej wiedzy w zakresie \u015bwiadczenia us\u0142ug projektowania in\u017cynierskiego, zapewniania niezr\u00f3wnanego wsparcia technicznego i opracowywania innowacyjnych produkt\u00f3w dla aplikacji wbudowanych. Connect Tech ma zaszczyt przedstawi\u0107 ekscytuj\u0105c\u0105 rodzin\u0119 produkt\u00f3w oferuj\u0105cych wytrzyma\u0142e rozwi\u0105zania dla ma\u0142ych obud\u00f3w dla modu\u0142\u00f3w NVIDIA\u00ae Jetson &#x2122; TX2, TX2i, TX2 4GB i Jetson &#x2122; TX1, a tak\u017ce us\u0142ugi projektowania niestandardowego.<\/p>\n","protected":false},"featured_media":10053,"template":"","meta":{"_acf_changed":false,"inline_featured_image":false,"_monsterinsights_skip_tracking":false,"_monsterinsights_sitenote_active":false,"_monsterinsights_sitenote_note":"","_monsterinsights_sitenote_category":0},"product_brand":[],"product_cat":[1472,1488,1585,1478],"product_tag":[],"class_list":{"0":"post-9887","1":"product","2":"type-product","3":"status-publish","4":"has-post-thumbnail","6":"product_cat-connect-tech-inc","7":"product_cat-embedded-systems","8":"product_cat-komputery-kompatkowe-boxpc","9":"product_cat-nvidia-jetson-tx2-tx1","11":"first","12":"instock","13":"shipping-taxable","14":"product-type-simple"},"acf":[],"_links":{"self":[{"href":"https:\/\/quantum.com.pl\/pl\/wp-json\/wp\/v2\/product\/9887","targetHints":{"allow":["GET"]}}],"collection":[{"href":"https:\/\/quantum.com.pl\/pl\/wp-json\/wp\/v2\/product"}],"about":[{"href":"https:\/\/quantum.com.pl\/pl\/wp-json\/wp\/v2\/types\/product"}],"wp:featuredmedia":[{"embeddable":true,"href":"https:\/\/quantum.com.pl\/pl\/wp-json\/wp\/v2\/media\/10053"}],"wp:attachment":[{"href":"https:\/\/quantum.com.pl\/pl\/wp-json\/wp\/v2\/media?parent=9887"}],"wp:term":[{"taxonomy":"product_brand","embeddable":true,"href":"https:\/\/quantum.com.pl\/pl\/wp-json\/wp\/v2\/product_brand?post=9887"},{"taxonomy":"product_cat","embeddable":true,"href":"https:\/\/quantum.com.pl\/pl\/wp-json\/wp\/v2\/product_cat?post=9887"},{"taxonomy":"product_tag","embeddable":true,"href":"https:\/\/quantum.com.pl\/pl\/wp-json\/wp\/v2\/product_tag?post=9887"}],"curies":[{"name":"wp","href":"https:\/\/api.w.org\/{rel}","templated":true}]}}