{"id":9888,"date":"2020-04-20T22:44:52","date_gmt":"2020-04-20T20:44:52","guid":{"rendered":"https:\/\/quantum.com.pl\/product\/import-placeholder-for-8560\/"},"modified":"2020-11-18T12:48:48","modified_gmt":"2020-11-18T11:48:48","slug":"jetson-tx2-or-tx1-array-server","status":"publish","type":"product","link":"https:\/\/quantum.com.pl\/pl\/product\/jetson-tx2-or-tx1-array-server\/","title":{"rendered":"Jetson&#x2122; TX2 or TX1 Array Server"},"content":{"rendered":"<h3>Najwa\u017cniejsze cechy<\/h3>\n<ul>\n<li>24x 1 TFLOP \/ s, 6144 rdzeni GPU CUDA z architektur\u0105 NVIDIA\u00ae Pascal &#x2122; lub Maxwell &#x2122;<\/li>\n<li>2x 10G SFP +, 2x 1G SFP Uplink<\/li>\n<li>3 dyski SATA 2,5 \u2033<\/li>\n<li>Nadmiarowy zasilacz typu 1U ATX<\/li>\n<li>Temperatura pracy: od 0 \u00b0 C do + 60 \u00b0 C<\/li>\n<\/ul>\n<p>&nbsp;<\/p>\n<h3>Wi\u0119cej Informacji<\/h3>\n<p>Connect Tech i USES Integrated Solutions nawi\u0105za\u0142y wsp\u00f3\u0142prac\u0119 w celu stworzenia skalowalnego serwera macierzy, kt\u00f3ry zawiera 24 modu\u0142y NVIDIA\u00ae Jetson &#x2122; TX2 \/ TX1. Trzy tablice tablicowe mieszcz\u0105 po osiem modu\u0142\u00f3w Jetson TX2 \/ TX1, wszystkie po\u0142\u0105czone za po\u015brednictwem sieci Gigabit Ethernet za po\u015brednictwem specjalistycznego zarz\u0105dzanego prze\u0142\u0105cznika Ethernet opracowanego przez Connect Tech z mo\u017cliwo\u015bci\u0105 po\u0142\u0105czenia 10G uplink (XDG201).<\/p>\n<p>Skalowalny serwer macierzowy oferuje tak\u017ce funkcj\u0119 zarz\u0105dzania poza pasmem (OOBM) za po\u015brednictwem modu\u0142u SMARC opartego na ARM do sterowania i monitorowania ka\u017cdego z modu\u0142\u00f3w Jetson TX2 \/ TX1. OOBM ma mo\u017cliwo\u015b\u0107 monitorowania stanu \/ rozruchu i zdalnego w\u0142\u0105czania \/ wy\u0142\u0105czania ka\u017cdego modu\u0142u osobno.<\/p>\n<p>&nbsp;<\/p>\n<h3>Dane Techniczne<\/h3>\n[table \u201c471\u201d not found \/]<br \/>\n\n","protected":false},"excerpt":{"rendered":"<p>Wspierany przez ponad 30 lat dzia\u0142alno\u015bci, Connect Tech zdoby\u0142 solidn\u0105 reputacj\u0119 fachowej wiedzy w zakresie \u015bwiadczenia us\u0142ug projektowania in\u017cynierskiego, zapewniania niezr\u00f3wnanego wsparcia technicznego i opracowywania innowacyjnych produkt\u00f3w dla aplikacji wbudowanych. Connect Tech ma zaszczyt przedstawi\u0107 ekscytuj\u0105c\u0105 rodzin\u0119 produkt\u00f3w oferuj\u0105cych wytrzyma\u0142e rozwi\u0105zania dla ma\u0142ych obud\u00f3w dla modu\u0142\u00f3w NVIDIA\u00ae Jetson &#x2122; TX2, TX2i, TX2 4GB i Jetson &#x2122; TX1, a tak\u017ce us\u0142ugi projektowania niestandardowego.<\/p>\n","protected":false},"featured_media":10051,"template":"","meta":{"_acf_changed":false,"inline_featured_image":false,"_monsterinsights_skip_tracking":false,"_monsterinsights_sitenote_active":false,"_monsterinsights_sitenote_note":"","_monsterinsights_sitenote_category":0},"product_brand":[],"product_cat":[1472,1488,1478],"product_tag":[],"class_list":{"0":"post-9888","1":"product","2":"type-product","3":"status-publish","4":"has-post-thumbnail","6":"product_cat-connect-tech-inc","7":"product_cat-embedded-systems","8":"product_cat-nvidia-jetson-tx2-tx1","10":"first","11":"instock","12":"shipping-taxable","13":"product-type-simple"},"acf":[],"_links":{"self":[{"href":"https:\/\/quantum.com.pl\/pl\/wp-json\/wp\/v2\/product\/9888","targetHints":{"allow":["GET"]}}],"collection":[{"href":"https:\/\/quantum.com.pl\/pl\/wp-json\/wp\/v2\/product"}],"about":[{"href":"https:\/\/quantum.com.pl\/pl\/wp-json\/wp\/v2\/types\/product"}],"wp:featuredmedia":[{"embeddable":true,"href":"https:\/\/quantum.com.pl\/pl\/wp-json\/wp\/v2\/media\/10051"}],"wp:attachment":[{"href":"https:\/\/quantum.com.pl\/pl\/wp-json\/wp\/v2\/media?parent=9888"}],"wp:term":[{"taxonomy":"product_brand","embeddable":true,"href":"https:\/\/quantum.com.pl\/pl\/wp-json\/wp\/v2\/product_brand?post=9888"},{"taxonomy":"product_cat","embeddable":true,"href":"https:\/\/quantum.com.pl\/pl\/wp-json\/wp\/v2\/product_cat?post=9888"},{"taxonomy":"product_tag","embeddable":true,"href":"https:\/\/quantum.com.pl\/pl\/wp-json\/wp\/v2\/product_tag?post=9888"}],"curies":[{"name":"wp","href":"https:\/\/api.w.org\/{rel}","templated":true}]}}