{"id":9950,"date":"2020-04-20T22:49:35","date_gmt":"2020-04-20T20:49:35","guid":{"rendered":"https:\/\/quantum.com.pl\/product\/import-placeholder-for-8474\/"},"modified":"2025-05-28T11:01:44","modified_gmt":"2025-05-28T09:01:44","slug":"graphitevpx-cpu-3u-vpx-sbc-2","status":"publish","type":"product","link":"https:\/\/quantum.com.pl\/pl\/product\/graphitevpx-cpu-3u-vpx-sbc-2\/","title":{"rendered":"GraphiteVPX\/CPU \u2013 3U VPX SBC"},"content":{"rendered":"<h3>Najwa\u017cniejsze cechy<\/h3>\n<ul>\n<li>3U OpenVPX VITA65<\/li>\n<li>Czterordzeniowy procesor Intel\u00ae Atom &#x2122; E3845 (Bay Trail)<\/li>\n<li>Dwa porty x4 PCIe Gen3, trzy porty 10\/100\/1000 BASE-T, dwa porty 1000 BASE-X, dwa porty USB 3.0 (SuperSpeed), osiem port\u00f3w USB 2.0 (Hi-Speed), dwa porty SATA 2.0, jeden interfejs DisplayPort ++ , Wej\u015bcie \/ wyj\u015bcie HD Audio, dwa porty RS-232, 8 GPIO<\/li>\n<li>Obs\u0142uguje profile 3U VPX: MOD3 PAY 2F2T-16.2.5-2,3 i MOD3-PAY-2F2U-16.2.3-2,3<\/li>\n<\/ul>\n<p>&nbsp;<\/p>\n<h3>Wi\u0119cej Informacji<\/h3>\n<div>\n<div id=\"tab-description\">\n<p>GraphiteVPX \/ CPU firmy Connect Tech to komputer jednop\u0142ytkowy 3U zgodny z VITA 65, oparty na czterordzeniowym procesorze Intel\u00ae Atom &#x2122; E3845 (Bay Trail). GraphiteVPX \/ CPU to konstrukcja modu\u0142owa, kt\u00f3ra umo\u017cliwia stosowanie innych opcji procesor\u00f3w Intel.<\/p>\n<\/div>\n<\/div>\n<p>&nbsp;<\/p>\n<h3>Dane Techniczne<\/h3>\n\n<table id=\"tablepress-459\" class=\"tablepress tablepress-id-459\">\n<tbody class=\"row-striping row-hover\">\n<tr class=\"row-1\">\n\t<td class=\"column-1\">Ports<\/td><td class=\"column-2\">2 ports<\/td>\n<\/tr>\n<tr class=\"row-2\">\n\t<td class=\"column-1\">Electrical Interfaces<\/td><td class=\"column-2\">Synchronous RS-232, RS-422, RS-485<\/td>\n<\/tr>\n<tr class=\"row-3\">\n\t<td class=\"column-1\">Control Signals<\/td><td class=\"column-2\">CTS, DCD, DTR, RTS, RxCl, RxD, TxClk, TxD<\/td>\n<\/tr>\n<tr class=\"row-4\">\n\t<td class=\"column-1\">Connectors<\/td><td class=\"column-2\">2\u00d726 pin header connectors (optional ribbon cables with female 26 pin IDC to female DB-25 connectors available, 2\u00d750 pin connector to connect to FreeForm, PC\/104 pass-through<\/td>\n<\/tr>\n<tr class=\"row-5\">\n\t<td class=\"column-1\">Baud Rate<\/td><td class=\"column-2\">RS-232: Up to 1 Mbps, RS-422\/RS-485: Up to 10 Mbps<\/td>\n<\/tr>\n<tr class=\"row-6\">\n\t<td class=\"column-1\">Dimensions<\/td><td class=\"column-2\">Length: 14.699 cm\/5.750\u201d \/ 9.5885 cm\/3.775\u201d Height: 11.049 cm\/4.350\u201d \/ 9.017 cm\/3.55\u201d<\/td>\n<\/tr>\n<tr class=\"row-7\">\n\t<td class=\"column-1\">Operating Temperature<\/td><td class=\"column-2\">0\u00b0C to +70\u00b0C (+32\u00b0F to +158\u00b0F)<\/td>\n<\/tr>\n<tr class=\"row-8\">\n\t<td class=\"column-1\">Bus<\/td><td class=\"column-2\">PC\/104<\/td>\n<\/tr>\n<tr class=\"row-9\">\n\t<td class=\"column-1\">Software Compatibility<\/td><td class=\"column-2\">Windows, Linux, QNX<\/td>\n<\/tr>\n<tr class=\"row-10\">\n\t<td class=\"column-1\">System Requirements<\/td><td class=\"column-2\">Varies by configuration<\/td>\n<\/tr>\n<tr class=\"row-11\">\n\t<td class=\"column-1\">Regulatory Approvals<\/td><td class=\"column-2\">FCC Class A<br \/>\nEN50082-2<br \/>\nICES-003 Class A<br \/>\nEN 55022 Class A<br \/>\nEN 55024<\/td>\n<\/tr>\n<\/tbody>\n<\/table>\n<!-- #tablepress-459 from cache -->\n<p>&nbsp;<\/p>\n<h3>Ordering information:<\/h3>\n<p><strong>VPG001<\/strong> \u00a0\u00a0 GraphiteVPX\/CPU \u2013 3U VPX SBC<\/p>\n","protected":false},"excerpt":{"rendered":"<p>Connect Tech oferuje szerok\u0105 gam\u0119 komputer\u00f3w jednop\u0142ytkowych (SBC) z wieloma wbudowanymi procesorami, w tym: AMD, Cortex-A9, Intel\u00ae Atom &#x2122;, Freescale, Texas Instruments, NVIDIA i VIA.<\/p>\n","protected":false},"featured_media":10030,"template":"","meta":{"_acf_changed":false,"inline_featured_image":false,"_monsterinsights_skip_tracking":false,"_monsterinsights_sitenote_active":false,"_monsterinsights_sitenote_note":"","_monsterinsights_sitenote_category":0},"product_brand":[],"product_cat":[1472,1486,1698],"product_tag":[],"class_list":{"0":"post-9950","1":"product","2":"type-product","3":"status-publish","4":"has-post-thumbnail","6":"product_cat-connect-tech-inc","7":"product_cat-single-board-computers","8":"product_cat-vpx","10":"first","11":"instock","12":"shipping-taxable","13":"product-type-simple"},"acf":[],"_links":{"self":[{"href":"https:\/\/quantum.com.pl\/pl\/wp-json\/wp\/v2\/product\/9950","targetHints":{"allow":["GET"]}}],"collection":[{"href":"https:\/\/quantum.com.pl\/pl\/wp-json\/wp\/v2\/product"}],"about":[{"href":"https:\/\/quantum.com.pl\/pl\/wp-json\/wp\/v2\/types\/product"}],"wp:featuredmedia":[{"embeddable":true,"href":"https:\/\/quantum.com.pl\/pl\/wp-json\/wp\/v2\/media\/10030"}],"wp:attachment":[{"href":"https:\/\/quantum.com.pl\/pl\/wp-json\/wp\/v2\/media?parent=9950"}],"wp:term":[{"taxonomy":"product_brand","embeddable":true,"href":"https:\/\/quantum.com.pl\/pl\/wp-json\/wp\/v2\/product_brand?post=9950"},{"taxonomy":"product_cat","embeddable":true,"href":"https:\/\/quantum.com.pl\/pl\/wp-json\/wp\/v2\/product_cat?post=9950"},{"taxonomy":"product_tag","embeddable":true,"href":"https:\/\/quantum.com.pl\/pl\/wp-json\/wp\/v2\/product_tag?post=9950"}],"curies":[{"name":"wp","href":"https:\/\/api.w.org\/{rel}","templated":true}]}}