{"id":9951,"date":"2020-04-20T22:49:40","date_gmt":"2020-04-20T20:49:40","guid":{"rendered":"https:\/\/quantum.com.pl\/product\/import-placeholder-for-8481\/"},"modified":"2020-04-22T22:36:23","modified_gmt":"2020-04-22T20:36:23","slug":"pcie-104-single-board-computer","status":"publish","type":"product","link":"https:\/\/quantum.com.pl\/pl\/product\/pcie-104-single-board-computer\/","title":{"rendered":"PCIe\/104 Single Board Computer"},"content":{"rendered":"<h3>Najwa\u017cniejsze cechy<\/h3>\n<ul>\n<li>Wsp\u00f3\u0142czynnik kszta\u0142tu PCIe \/ 104<\/li>\n<li>4 \u00d7 1 tory PCIe<\/li>\n<li>Wbudowane z\u0142\u0105cza zapewniaj\u0105ce natychmiastowy dost\u0119p do:\n<ul>\n<li>SATA<\/li>\n<li>Ethernet<\/li>\n<li>USB<\/li>\n<li>Wideo LVDS i VGA<\/li>\n<li>RS-232 i RS-422\/485<\/li>\n<\/ul>\n<\/li>\n<li>Procesory oparte na procesorach Intel i ARM:\n<ul>\n<li>Atom Z500<\/li>\n<li>Atom Tunnel Creek<\/li>\n<li>Freescale i.MX51<\/li>\n<li>TI OMAP<\/li>\n<li>NVIDIA Tegra<\/li>\n<\/ul>\n<\/li>\n<\/ul>\n<p>&nbsp;<\/p>\n<h3>Wi\u0119cej Informacji<\/h3>\n<div>\n<div id=\"tab-description\">\n<p>Connect Tech Xtreme \/ SBC to ma\u0142y komputer jednop\u0142ytkowy, kt\u00f3ry wykorzystuje format PCIe \/ 104 z 4 liniami PCIe 1. Xtreme \/ SBC dogodnie zapewnia wbudowane z\u0142\u0105cza umo\u017cliwiaj\u0105ce natychmiastowy dost\u0119p do r\u00f3\u017cnych funkcji, w tym 2x SATA, 1x Gigabit Ethernet, 4x USB 2.0, LVDS i VGA Video oraz 2x RS-232 i 2x RS-422\/485. Ten komputer jednop\u0142ytkowy oferuje szereg wbudowanych rozwi\u0105za\u0144 procesorowych, w tym AMD, Intel Atom, Freescale, Texas Instruments, NVIDIA i VIA.<\/p>\n<\/div>\n<\/div>\n<p>&nbsp;<\/p>\n<h3>Dane Techniczne<\/h3>\n\n<table id=\"tablepress-460\" class=\"tablepress tablepress-id-460\">\n<tbody class=\"row-striping row-hover\">\n<tr class=\"row-1\">\n\t<td class=\"column-1\">Programmable FPGA<\/td><td class=\"column-2\">Xilinx Spartan-3E, 500,000 gates, 360K RAM<br \/>\nStandard FPGA Configurations:<br \/>\nDigital I\/O: 96 digital I\/O<br \/>\n(8255 compatible), 6 x 8254 counter\/timers<br \/>\nDigital I\/O Opto-22:<br \/>\n48 Opto-22 (8255 compatible,<br \/>\n6 x 8254 counter\/timers<\/td>\n<\/tr>\n<tr class=\"row-2\">\n\t<td class=\"column-1\">Input Clock<\/td><td class=\"column-2\">66 MHz, internally scaleable<\/td>\n<\/tr>\n<tr class=\"row-3\">\n\t<td class=\"column-1\">Memory<\/td><td class=\"column-2\">4 Mbit SPI Flash<\/td>\n<\/tr>\n<tr class=\"row-4\">\n\t<td class=\"column-1\">Connectors<\/td><td class=\"column-2\">1x 26 pin header, 2 x 50 pin header, PC\/104 header: fully bi-directional, configurable as a master or a slave, 8 bit I\/O, 12 address bits, all IRQs are connected, DMAs 0-3<\/td>\n<\/tr>\n<tr class=\"row-5\">\n\t<td class=\"column-1\">I\/O<\/td><td class=\"column-2\">6 TTL (26 pin connnector), 96 high current TTL\/CMOS (48 per 50 pin connector)<\/td>\n<\/tr>\n<tr class=\"row-6\">\n\t<td class=\"column-1\">Fixed I\/O<\/td><td class=\"column-2\">12 TTL inputs (26 pin connector)<\/td>\n<\/tr>\n<tr class=\"row-7\">\n\t<td class=\"column-1\">Interrupts<\/td><td class=\"column-2\">All PC\/104 interrupts are connected to the FPGA<\/td>\n<\/tr>\n<tr class=\"row-8\">\n\t<td class=\"column-1\">Compatibility<\/td><td class=\"column-2\">PCI-104<\/td>\n<\/tr>\n<tr class=\"row-9\">\n\t<td class=\"column-1\">Operating Temperature<\/td><td class=\"column-2\">Commercial: 0\u00b0C to +70\u00b0C (+32\u00b0F to +158\u00b0F), Industrial: -40\u00b0C to +85\u00b0C (-40\u00b0F to +185\u00b0F)<\/td>\n<\/tr>\n<tr class=\"row-10\">\n\t<td class=\"column-1\">Humidity<\/td><td class=\"column-2\">95% non-condensing<\/td>\n<\/tr>\n<tr class=\"row-11\">\n\t<td class=\"column-1\">Storage Temperature<\/td><td class=\"column-2\">-65\u00b0C to +150\u00b0C (-85\u00b0F to +302\u00b0F)<\/td>\n<\/tr>\n<tr class=\"row-12\">\n\t<td class=\"column-1\">Power Requirements<\/td><td class=\"column-2\">+5V, 0.75 W (0.150A@5V) average with standard design, 2.75 W (0.550A@5V) maximum with I\/O transfers at 10 Mbps<\/td>\n<\/tr>\n<tr class=\"row-13\">\n\t<td class=\"column-1\">Dimensions<\/td><td class=\"column-2\">PC\/104 Compliant<\/td>\n<\/tr>\n<tr class=\"row-14\">\n\t<td class=\"column-1\">Bus<\/td><td class=\"column-2\">PC\/104 compatible or stand alone<\/td>\n<\/tr>\n<\/tbody>\n<\/table>\n<!-- #tablepress-460 from cache -->\n","protected":false},"excerpt":{"rendered":"<p>Connect Tech oferuje szerok\u0105 gam\u0119 komputer\u00f3w jednop\u0142ytkowych (SBC) z wieloma wbudowanymi procesorami, w tym: AMD, Cortex-A9, Intel\u00ae Atom &#x2122;, Freescale, Texas Instruments, NVIDIA i VIA.<\/p>\n","protected":false},"featured_media":10032,"template":"","meta":{"_acf_changed":false,"inline_featured_image":false,"_monsterinsights_skip_tracking":false,"_monsterinsights_sitenote_active":false,"_monsterinsights_sitenote_note":"","_monsterinsights_sitenote_category":0},"product_brand":[],"product_cat":[1472,1486],"product_tag":[],"class_list":{"0":"post-9951","1":"product","2":"type-product","3":"status-publish","4":"has-post-thumbnail","6":"product_cat-connect-tech-inc","7":"product_cat-single-board-computers","9":"first","10":"instock","11":"shipping-taxable","12":"product-type-simple"},"acf":[],"_links":{"self":[{"href":"https:\/\/quantum.com.pl\/pl\/wp-json\/wp\/v2\/product\/9951","targetHints":{"allow":["GET"]}}],"collection":[{"href":"https:\/\/quantum.com.pl\/pl\/wp-json\/wp\/v2\/product"}],"about":[{"href":"https:\/\/quantum.com.pl\/pl\/wp-json\/wp\/v2\/types\/product"}],"wp:featuredmedia":[{"embeddable":true,"href":"https:\/\/quantum.com.pl\/pl\/wp-json\/wp\/v2\/media\/10032"}],"wp:attachment":[{"href":"https:\/\/quantum.com.pl\/pl\/wp-json\/wp\/v2\/media?parent=9951"}],"wp:term":[{"taxonomy":"product_brand","embeddable":true,"href":"https:\/\/quantum.com.pl\/pl\/wp-json\/wp\/v2\/product_brand?post=9951"},{"taxonomy":"product_cat","embeddable":true,"href":"https:\/\/quantum.com.pl\/pl\/wp-json\/wp\/v2\/product_cat?post=9951"},{"taxonomy":"product_tag","embeddable":true,"href":"https:\/\/quantum.com.pl\/pl\/wp-json\/wp\/v2\/product_tag?post=9951"}],"curies":[{"name":"wp","href":"https:\/\/api.w.org\/{rel}","templated":true}]}}